{"id":689,"date":"2020-05-29T16:49:11","date_gmt":"2020-05-29T14:49:11","guid":{"rendered":"https:\/\/bxeinj.myraidbox.de\/?post_type=product&#038;p=689"},"modified":"2025-12-23T09:42:09","modified_gmt":"2025-12-23T08:42:09","slug":"heat-gloves","status":"publish","type":"product","link":"https:\/\/www.dermerklinger.de\/en\/produkt\/hitzehandschuhe\/","title":{"rendered":"Heat gloves"},"content":{"rendered":"<div class=\"ProductItem-details-excerpt\" data-content-field=\"excerpt\">\n<p>The black Merklinger cowhide gloves are a MUST for the baker or griller with style. All seams are sewn from heat-resistant and fireproof thread. They protect your hands when stoking the fire, adding wood, baking, grilling and cooking in the oven.<\/p>\n<p class=\"\"><strong>Material: <\/strong>Cowhide, flannel lining<\/p>\n<p><strong>Dimensions:<\/strong>approx. 34 x 15 cm (length x width), 30 cm circumference<\/p>\n<p>&nbsp;<\/p>\n<\/div>","protected":false},"excerpt":{"rendered":"<p>Die schwarzen Merklinger Handschuhe aus Rindsleder sind ein MUSS f\u00fcr den B\u00e4cker oder Griller mit Stil. Alle N\u00e4hte sind aus hitzebest\u00e4ndigem und feuerfestem Garn gen\u00e4ht. Sie sch\u00fctzen die H\u00e4nde beim Einheizen, Holz nachlegen sowie beim Backen, Grillen und Kochen am Ofen. Material: Rindsleder, Innenfutter Flanell Ma\u00dfe: ca. 34 x 15 cm (L\u00e4nge x Breite), 30 [&hellip;]<\/p>\n","protected":false},"featured_media":12793,"template":"","meta":{"_acf_changed":false},"product_brand":[],"product_cat":[44],"product_tag":[],"class_list":{"0":"post-689","1":"product","2":"type-product","3":"status-publish","4":"has-post-thumbnail","6":"product_cat-zubehoer","7":"product_shipping_class-kleinartikel-versand","9":"first","10":"instock","11":"taxable","12":"shipping-taxable","13":"purchasable","14":"product-type-simple"},"acf":[],"publishpress_future_action":{"enabled":false,"date":"2026-05-08 03:46:10","action":"change-status","newStatus":"draft","terms":[],"taxonomy":"product_cat","extraData":[]},"publishpress_future_workflow_manual_trigger":{"enabledWorkflows":[]},"_links":{"self":[{"href":"https:\/\/www.dermerklinger.de\/en\/wp-json\/wp\/v2\/product\/689","targetHints":{"allow":["GET"]}}],"collection":[{"href":"https:\/\/www.dermerklinger.de\/en\/wp-json\/wp\/v2\/product"}],"about":[{"href":"https:\/\/www.dermerklinger.de\/en\/wp-json\/wp\/v2\/types\/product"}],"wp:featuredmedia":[{"embeddable":true,"href":"https:\/\/www.dermerklinger.de\/en\/wp-json\/wp\/v2\/media\/12793"}],"wp:attachment":[{"href":"https:\/\/www.dermerklinger.de\/en\/wp-json\/wp\/v2\/media?parent=689"}],"wp:term":[{"taxonomy":"product_brand","embeddable":true,"href":"https:\/\/www.dermerklinger.de\/en\/wp-json\/wp\/v2\/product_brand?post=689"},{"taxonomy":"product_cat","embeddable":true,"href":"https:\/\/www.dermerklinger.de\/en\/wp-json\/wp\/v2\/product_cat?post=689"},{"taxonomy":"product_tag","embeddable":true,"href":"https:\/\/www.dermerklinger.de\/en\/wp-json\/wp\/v2\/product_tag?post=689"}],"curies":[{"name":"wp","href":"https:\/\/api.w.org\/{rel}","templated":true}]}}