{"id":687,"date":"2020-05-29T16:48:35","date_gmt":"2020-05-29T14:48:35","guid":{"rendered":"https:\/\/bxeinj.myraidbox.de\/?post_type=product&#038;p=687"},"modified":"2025-12-23T09:42:09","modified_gmt":"2025-12-23T08:42:09","slug":"pizza-peel","status":"publish","type":"product","link":"https:\/\/www.dermerklinger.de\/en\/produkt\/pizzaschaufel\/","title":{"rendered":"Pizza peel"},"content":{"rendered":"<div class=\"ProductItem-details-excerpt\" data-content-field=\"excerpt\">\n<p>The perfect utensil for all pizza bakers! The handy pizza peel with wooden handle makes shoveling and turning pizzas even more fun.<\/p>\n<p><strong>Material:<\/strong>: Stainless steel, oak wood<\/p>\n<p><strong>Dimensions:<\/strong>60 cm handle length, diameter 30 cm<\/p>\n<p class=\"\">\n<\/div>","protected":false},"excerpt":{"rendered":"<p>Das perfekte Utensil f\u00fcr alle Pizzab\u00e4cker! Mit der handlichen Pizzaschaufel mit Holzgriff macht das Einschie\u00dfen und Wenden der Pizzas noch mehr Spa\u00df. Material: Edelstahl, Eichenholz Ma\u00dfe: 60 cm Stiell\u00e4nge, Durchmesser 30 cm<\/p>","protected":false},"featured_media":23037,"template":"","meta":{"_acf_changed":false},"product_brand":[],"product_cat":[44],"product_tag":[],"class_list":{"0":"post-687","1":"product","2":"type-product","3":"status-publish","4":"has-post-thumbnail","6":"product_cat-zubehoer","7":"product_shipping_class-kleinartikel-versand","9":"first","10":"instock","11":"taxable","12":"shipping-taxable","13":"purchasable","14":"product-type-simple"},"acf":[],"publishpress_future_action":{"enabled":false,"date":"2026-05-08 03:46:10","action":"change-status","newStatus":"draft","terms":[],"taxonomy":"product_cat","extraData":[]},"publishpress_future_workflow_manual_trigger":{"enabledWorkflows":[]},"_links":{"self":[{"href":"https:\/\/www.dermerklinger.de\/en\/wp-json\/wp\/v2\/product\/687","targetHints":{"allow":["GET"]}}],"collection":[{"href":"https:\/\/www.dermerklinger.de\/en\/wp-json\/wp\/v2\/product"}],"about":[{"href":"https:\/\/www.dermerklinger.de\/en\/wp-json\/wp\/v2\/types\/product"}],"wp:featuredmedia":[{"embeddable":true,"href":"https:\/\/www.dermerklinger.de\/en\/wp-json\/wp\/v2\/media\/23037"}],"wp:attachment":[{"href":"https:\/\/www.dermerklinger.de\/en\/wp-json\/wp\/v2\/media?parent=687"}],"wp:term":[{"taxonomy":"product_brand","embeddable":true,"href":"https:\/\/www.dermerklinger.de\/en\/wp-json\/wp\/v2\/product_brand?post=687"},{"taxonomy":"product_cat","embeddable":true,"href":"https:\/\/www.dermerklinger.de\/en\/wp-json\/wp\/v2\/product_cat?post=687"},{"taxonomy":"product_tag","embeddable":true,"href":"https:\/\/www.dermerklinger.de\/en\/wp-json\/wp\/v2\/product_tag?post=687"}],"curies":[{"name":"wp","href":"https:\/\/api.w.org\/{rel}","templated":true}]}}