{"id":675,"date":"2020-05-29T16:44:58","date_gmt":"2020-05-29T14:44:58","guid":{"rendered":"https:\/\/bxeinj.myraidbox.de\/?post_type=product&#038;p=675"},"modified":"2025-12-23T09:42:10","modified_gmt":"2025-12-23T08:42:10","slug":"shearing-and-cleaning-set","status":"publish","type":"product","link":"https:\/\/www.dermerklinger.de\/en\/produkt\/schuer-und-reinigungsset\/","title":{"rendered":"Stoking and cleaning set"},"content":{"rendered":"<p>The be-all and end-all for culinary pleasure in the oven. The 4-piece stoking and cleaning set with wooden handles makes working on the Merklinger easier. Scope of delivery consists of:<\/p>\n<ul>\n<li>Broom with natural bristles for sweeping the refractory bricks and the interior<\/li>\n<li>Stoker for moving and stoking the fire in the combustion chamber<\/li>\n<li>Shovel for occasional ash removal (Please note: We recommend always leaving a 2-3 cm high ash bed in the stove)<\/li>\n<li>Glow slider for distributing the embers in the oven<\/li>\n<\/ul>\n<p>&nbsp;<\/p>\n<p><strong>Material:<\/strong>: Steel, real wood, natural wood<\/p>\n<p><strong>Dimensions:<\/strong>:<\/p>\n<ul>\n<li>Broom: approx. 46 cm long, natural bristles: 8 cm long<\/li>\n<li>Poker: approx. 59 cm long<\/li>\n<li>Shovel: approx. 41 cm long, surface approx. 18 x 10 cm (length x width)<\/li>\n<li>Glow slider: approx. 59 cm long<\/li>\n<\/ul>","protected":false},"excerpt":{"rendered":"<p>Das A und O f\u00fcr das kulinarische Vergn\u00fcgen am Ofen. Das 4-teilige Sch\u00fcr- und Reinigungsset mit Holzgriffen erleichtert die Arbeit am Merklinger. Lieferumfang besteht aus: Besen mit Naturborsten zum Abkehren der Schamottsteine und des Innenraums Schu\u0308rhaken zum Verschieben und Sch\u00fcren des Feuers in der Brennkammer Schaufel zum gelegentlichen Ausr\u00e4umen der Asche (Bitte beachten: Wir empfehlen [&hellip;]<\/p>\n","protected":false},"featured_media":2052,"template":"","meta":{"_acf_changed":false},"product_brand":[],"product_cat":[44,177],"product_tag":[],"class_list":{"0":"post-675","1":"product","2":"type-product","3":"status-publish","4":"has-post-thumbnail","6":"product_cat-zubehoer","7":"product_cat-sets","8":"product_shipping_class-kleinartikel-versand","10":"first","11":"instock","12":"taxable","13":"shipping-taxable","14":"purchasable","15":"product-type-simple"},"acf":[],"publishpress_future_action":{"enabled":false,"date":"2026-05-08 05:18:47","action":"change-status","newStatus":"draft","terms":[],"taxonomy":"product_cat","extraData":[]},"publishpress_future_workflow_manual_trigger":{"enabledWorkflows":[]},"_links":{"self":[{"href":"https:\/\/www.dermerklinger.de\/en\/wp-json\/wp\/v2\/product\/675","targetHints":{"allow":["GET"]}}],"collection":[{"href":"https:\/\/www.dermerklinger.de\/en\/wp-json\/wp\/v2\/product"}],"about":[{"href":"https:\/\/www.dermerklinger.de\/en\/wp-json\/wp\/v2\/types\/product"}],"wp:featuredmedia":[{"embeddable":true,"href":"https:\/\/www.dermerklinger.de\/en\/wp-json\/wp\/v2\/media\/2052"}],"wp:attachment":[{"href":"https:\/\/www.dermerklinger.de\/en\/wp-json\/wp\/v2\/media?parent=675"}],"wp:term":[{"taxonomy":"product_brand","embeddable":true,"href":"https:\/\/www.dermerklinger.de\/en\/wp-json\/wp\/v2\/product_brand?post=675"},{"taxonomy":"product_cat","embeddable":true,"href":"https:\/\/www.dermerklinger.de\/en\/wp-json\/wp\/v2\/product_cat?post=675"},{"taxonomy":"product_tag","embeddable":true,"href":"https:\/\/www.dermerklinger.de\/en\/wp-json\/wp\/v2\/product_tag?post=675"}],"curies":[{"name":"wp","href":"https:\/\/api.w.org\/{rel}","templated":true}]}}