{"id":655,"date":"2020-05-29T16:34:27","date_gmt":"2020-05-29T14:34:27","guid":{"rendered":"https:\/\/bxeinj.myraidbox.de\/?post_type=product&#038;p=655"},"modified":"2025-07-24T09:05:47","modified_gmt":"2025-07-24T07:05:47","slug":"merklinger-1200","status":"publish","type":"product","link":"https:\/\/www.dermerklinger.de\/en\/produkt\/merklinger-1200\/","title":{"rendered":"Merklinger 1200"},"content":{"rendered":"<p><strong>Our gastronomic edition - for chefs, professional bakers, caterers and barbecuers: <\/strong>The largest member of the family is designed for professional use and offers an impressive baking and grilling surface of 120 x 70 cm - adaptable as a baking or grilling surface as required. Like all Merklinger\u2019s it is mobile, with 6 mm solid steel and uncomplicated handling, the 1200 is the ideal outdoor kitchen for catering, events or your beer garden. Enchant your guests with <strong>culinary extra class<\/strong> and <strong>Show<\/strong>! <span style=\"font-weight: 400;\"><strong><span style=\"color: #ff0000;\">0% Financing possible!<\/span><\/strong><\/span><\/p>\n<p><strong>Included:<\/strong>9 natural fireclay stones + one pull-out grill grate. For full throttle grilling, two additional pull-out grill grates are optionally available. Our 4.5 cm thick, pollutant-free natural fireclay bricks are produced locally. Easy to insert. The natural fireclay stone is grooved at the bottom to distribute the heat more evenly (underfloor heating principle).<\/p>\n<p>You will also receive the Merklinger instructions, 2 pages of tips &amp; tricks for your first dishes and a surprise set.<\/p>\n<p><strong>Technical details:<\/strong><\/p>\n<ul>\n<li>Baking\/grilling\/cooking surface: 120 cm x 70 cm (width x depth)<\/li>\n<li>Dimensions with\/without stove pipe: 281\/167 cm x 169 cm x 82 cm (height x width x depth)<\/li>\n<li>Oven door dimensions: 30 cm x 112 cm (height x width)<\/li>\n<li>Weight: approx. 500 kg<\/li>\n<\/ul>","protected":false},"excerpt":{"rendered":"<p>Unser gastrotauglicher Merklinger f\u00fcr K\u00f6che, Profi-B\u00e4cker, Caterer und Griller: Das gr\u00f6\u00dfte Mitglied der Familie ist f\u00fcr die professionelle Nutzung konzipiert und bietet eine beeindruckende Back- und Grillfl\u00e4che von 120 x 70 cm \u2013 bedarfsgerecht anpassbar als Back- oder Grillfl\u00e4che. Wie alle Merklinger mobil, mit 6mm massivem Stahl und unkompliziert im Handling, ist der 1200er die [&hellip;]<\/p>\n","protected":false},"featured_media":19141,"template":"","meta":{"_acf_changed":false},"product_brand":[],"product_cat":[175],"product_tag":[],"class_list":{"0":"post-655","1":"product","2":"type-product","3":"status-publish","4":"has-post-thumbnail","6":"product_cat-holzbackoefen","7":"product_shipping_class-standardversand-1200","9":"first","10":"instock","11":"featured","12":"taxable","13":"shipping-taxable","14":"purchasable","15":"product-type-simple"},"acf":[],"publishpress_future_action":{"enabled":false,"date":"2026-05-09 10:55:38","action":"change-status","newStatus":"draft","terms":[],"taxonomy":"product_cat","extraData":[]},"publishpress_future_workflow_manual_trigger":{"enabledWorkflows":[]},"_links":{"self":[{"href":"https:\/\/www.dermerklinger.de\/en\/wp-json\/wp\/v2\/product\/655","targetHints":{"allow":["GET"]}}],"collection":[{"href":"https:\/\/www.dermerklinger.de\/en\/wp-json\/wp\/v2\/product"}],"about":[{"href":"https:\/\/www.dermerklinger.de\/en\/wp-json\/wp\/v2\/types\/product"}],"wp:featuredmedia":[{"embeddable":true,"href":"https:\/\/www.dermerklinger.de\/en\/wp-json\/wp\/v2\/media\/19141"}],"wp:attachment":[{"href":"https:\/\/www.dermerklinger.de\/en\/wp-json\/wp\/v2\/media?parent=655"}],"wp:term":[{"taxonomy":"product_brand","embeddable":true,"href":"https:\/\/www.dermerklinger.de\/en\/wp-json\/wp\/v2\/product_brand?post=655"},{"taxonomy":"product_cat","embeddable":true,"href":"https:\/\/www.dermerklinger.de\/en\/wp-json\/wp\/v2\/product_cat?post=655"},{"taxonomy":"product_tag","embeddable":true,"href":"https:\/\/www.dermerklinger.de\/en\/wp-json\/wp\/v2\/product_tag?post=655"}],"curies":[{"name":"wp","href":"https:\/\/api.w.org\/{rel}","templated":true}]}}