{"id":640,"date":"2020-05-29T15:06:39","date_gmt":"2020-05-29T13:06:39","guid":{"rendered":"https:\/\/bxeinj.myraidbox.de\/?post_type=product&#038;p=640"},"modified":"2025-12-05T06:38:25","modified_gmt":"2025-12-05T05:38:25","slug":"merklinger-600","status":"publish","type":"product","link":"https:\/\/www.dermerklinger.de\/en\/produkt\/merklinger-600\/","title":{"rendered":"Merklinger 600"},"content":{"rendered":"<p><strong>Our high performing compact outdoor kitchen.<\/strong> Baking, grilling, cooking, smoking - all no problem in the 600. The ideal model for big connoisseurs with a small terrace or limited space in the garden. Effortlessly conjure up the most delicious dishes for two to six people on the 60 x 50 cm baking &amp; grilling surface. 0% Financing possible! <span style=\"font-weight: 400;\"><strong><span style=\"color: #ff0000;\">0% Financing possible!<\/span><\/strong><\/span><\/p>\n<p><strong>Included:<\/strong>With 4 natural fireclay bricks as standard. The 4.5 cm thick, non-toxic natural fireclay bricks are produced locally. Easy to insert. The natural fireclay stone is grooved at the bottom to distribute the heat more evenly (underfloor heating principle). Pull-out grill grid optionally available.<\/p>\n<p>You will also receive the Merklinger instructions, 2 pages of tips &amp; tricks for your first dishes and a surprise set.<\/p>\n<p><strong>Technical details:\u00a0<\/strong><\/p>\n<ul>\n<li>Baking\/grilling\/cooking surface: 60 cm x 50 cm (width x depth)<\/li>\n<li>Dimensions with\/without stove pipe: 225\/150 cm x 110 cm x 73 cm (height x width x depth)<\/li>\n<li>Oven door dimensions: 22 cm x 52 cm (height x width)<\/li>\n<li>Weight: 220 kg<\/li>\n<\/ul>","protected":false},"excerpt":{"rendered":"<p>Unsere kompakte Outdoork\u00fcche mit gro\u00dfer Leistung. Backen, Grillen, Kochen, R\u00e4uchern, Smoken \u2013 im 600er alles kein Problem. Das ideale Modell f\u00fcr gro\u00dfe Genie\u00dfer mit kleiner Terrasse oder wenig Platz im Garten. Auf einer Back- und Grillfl\u00e4che von 60 x 50 cm zauberst du f\u00fcr zwei bis sechs Personen m\u00fchelos die leckersten Gerichte. 0% Finanzierung m\u00f6glich! [&hellip;]<\/p>\n","protected":false},"featured_media":2246,"template":"","meta":{"_acf_changed":false},"product_brand":[],"product_cat":[175],"product_tag":[],"class_list":{"0":"post-640","1":"product","2":"type-product","3":"status-publish","4":"has-post-thumbnail","6":"product_cat-holzbackoefen","7":"product_shipping_class-standardversand-ofen","9":"first","10":"instock","11":"featured","12":"taxable","13":"shipping-taxable","14":"purchasable","15":"product-type-simple"},"acf":[],"publishpress_future_action":{"enabled":false,"date":"2026-05-08 02:19:45","action":"change-status","newStatus":"draft","terms":[],"taxonomy":"product_cat","extraData":[]},"publishpress_future_workflow_manual_trigger":{"enabledWorkflows":[]},"_links":{"self":[{"href":"https:\/\/www.dermerklinger.de\/en\/wp-json\/wp\/v2\/product\/640","targetHints":{"allow":["GET"]}}],"collection":[{"href":"https:\/\/www.dermerklinger.de\/en\/wp-json\/wp\/v2\/product"}],"about":[{"href":"https:\/\/www.dermerklinger.de\/en\/wp-json\/wp\/v2\/types\/product"}],"wp:featuredmedia":[{"embeddable":true,"href":"https:\/\/www.dermerklinger.de\/en\/wp-json\/wp\/v2\/media\/2246"}],"wp:attachment":[{"href":"https:\/\/www.dermerklinger.de\/en\/wp-json\/wp\/v2\/media?parent=640"}],"wp:term":[{"taxonomy":"product_brand","embeddable":true,"href":"https:\/\/www.dermerklinger.de\/en\/wp-json\/wp\/v2\/product_brand?post=640"},{"taxonomy":"product_cat","embeddable":true,"href":"https:\/\/www.dermerklinger.de\/en\/wp-json\/wp\/v2\/product_cat?post=640"},{"taxonomy":"product_tag","embeddable":true,"href":"https:\/\/www.dermerklinger.de\/en\/wp-json\/wp\/v2\/product_tag?post=640"}],"curies":[{"name":"wp","href":"https:\/\/api.w.org\/{rel}","templated":true}]}}