{"id":39093,"date":"2025-05-08T14:33:24","date_gmt":"2025-05-08T12:33:24","guid":{"rendered":"https:\/\/www.dermerklinger.de\/?post_type=product&#038;p=39093"},"modified":"2025-12-09T09:58:34","modified_gmt":"2025-12-09T08:58:34","slug":"neu-keltentopf-3er-set-s-m-l","status":"publish","type":"product","link":"https:\/\/www.dermerklinger.de\/en\/produkt\/neu-keltentopf-3er-set-s-m-l\/","title":{"rendered":"NEU: Keltentopf 3er Set  &#8211; S, M, L"},"content":{"rendered":"<p><span style=\"font-weight: 400;\">Stressfrei und mit Stil, Braten und Schmoren? Versuche das <strong>Keltentopf\u00ae Set<\/strong> <strong>im Sparpreis<\/strong> from <strong>fireproof<\/strong> <strong>Ceramics<\/strong> and with <strong>special coating<\/strong> f\u00fcr portionierte Gratins, Aufl\u00e4ufe, Desserts oder Eint\u00f6pfe und Braten im Merklinger. <\/span><span style=\"font-weight: 400;\">Mit Durchmessern von 16cm, 20,5 cm und 25,5 cm bereitest du m\u00fchelos leckere Beilagen, einzelne Portionen oder Desserts f\u00fcr dein Merklinger Men\u00fc vor. Ist alles fertig, kann ganz dekorativ direkt auf dem Tisch serviert werden. <\/span><span style=\"font-weight: 400;\">Die Keltent\u00f6pfe ben\u00f6tigen zum Anbraten kein Fett, sind lebensmittelecht, geschmacksneutral, halten lange warm und sind f\u00fcr Sp\u00fclmaschinen geeignet. <\/span><span style=\"font-weight: 400;\">Hergestellt von Denk Keramik: ein bayerisches Traditionsunternehmen, wo der Mensch und das Naturmaterial Keramik seit 1964 im Mittelpunkt stehen. Handgemacht in Bayern.<\/span><\/p>\n<p><span style=\"font-weight: 400;\"><strong>Material:<\/strong>CeraFlam : CeraFlam<\/span><span style=\"font-weight: 400;\">\u00ae<\/span><span style=\"font-weight: 400;\"> Ceramics<\/span><\/p>\n<p><strong>Farbe:<\/strong> Merklinger anthrazit<\/p>\n<p><span style=\"font-weight: 400;\"><strong>Dimensions:<\/strong>: <\/span><\/p>\n<p><span style=\"font-weight: 400;\">S Durchmesser 16 cm, H\u00f6he 4,5 cm, Volumen 0,41<\/span><span style=\"font-weight: 400;\"> Liter, 680 g<br \/>\n<\/span><span style=\"font-weight: 400;\">M Durchmesser 20,5 cm, H\u00f6he 6 cm, Volumen 1,05<\/span><span style=\"font-weight: 400;\"> Liter, 800 g<br \/>\nL Durchmesser 25,5 cm, H\u00f6he 7,5 cm, Volumen 2,3 Liter, 1,4 kg\u00a0<\/span><\/p>","protected":false},"excerpt":{"rendered":"<p>Stressfrei und mit Stil, Braten und Schmoren? Versuche das Keltentopf\u00ae Set im Sparpreis aus feuerfester Keramik und mit besonderer Beschichtung f\u00fcr portionierte Gratins, Aufl\u00e4ufe, Desserts oder Eint\u00f6pfe und Braten im Merklinger. Mit Durchmessern von 16cm, 20,5 cm und 25,5 cm bereitest du m\u00fchelos leckere Beilagen, einzelne Portionen oder Desserts f\u00fcr dein Merklinger Men\u00fc vor. Ist [&hellip;]<\/p>\n","protected":false},"featured_media":39057,"template":"","meta":{"_acf_changed":false},"product_brand":[],"product_cat":[44,177],"product_tag":[],"class_list":{"0":"post-39093","1":"product","2":"type-product","3":"status-publish","4":"has-post-thumbnail","6":"product_cat-zubehoer","7":"product_cat-sets","8":"product_shipping_class-kleinartikel-versand","10":"first","11":"instock","12":"sale","13":"taxable","14":"shipping-taxable","15":"purchasable","16":"product-type-simple"},"acf":[],"publishpress_future_action":{"enabled":false,"date":"2026-04-26 23:17:25","action":"change-status","newStatus":"draft","terms":[],"taxonomy":"product_cat","extraData":[]},"publishpress_future_workflow_manual_trigger":{"enabledWorkflows":[]},"_links":{"self":[{"href":"https:\/\/www.dermerklinger.de\/en\/wp-json\/wp\/v2\/product\/39093","targetHints":{"allow":["GET"]}}],"collection":[{"href":"https:\/\/www.dermerklinger.de\/en\/wp-json\/wp\/v2\/product"}],"about":[{"href":"https:\/\/www.dermerklinger.de\/en\/wp-json\/wp\/v2\/types\/product"}],"wp:featuredmedia":[{"embeddable":true,"href":"https:\/\/www.dermerklinger.de\/en\/wp-json\/wp\/v2\/media\/39057"}],"wp:attachment":[{"href":"https:\/\/www.dermerklinger.de\/en\/wp-json\/wp\/v2\/media?parent=39093"}],"wp:term":[{"taxonomy":"product_brand","embeddable":true,"href":"https:\/\/www.dermerklinger.de\/en\/wp-json\/wp\/v2\/product_brand?post=39093"},{"taxonomy":"product_cat","embeddable":true,"href":"https:\/\/www.dermerklinger.de\/en\/wp-json\/wp\/v2\/product_cat?post=39093"},{"taxonomy":"product_tag","embeddable":true,"href":"https:\/\/www.dermerklinger.de\/en\/wp-json\/wp\/v2\/product_tag?post=39093"}],"curies":[{"name":"wp","href":"https:\/\/api.w.org\/{rel}","templated":true}]}}