{"id":39080,"date":"2025-05-08T13:56:21","date_gmt":"2025-05-08T11:56:21","guid":{"rendered":"https:\/\/www.dermerklinger.de\/?post_type=product&#038;p=39080"},"modified":"2025-12-23T09:28:05","modified_gmt":"2025-12-23T08:28:05","slug":"neu-keltentopf-m-1050-ml","status":"publish","type":"product","link":"https:\/\/www.dermerklinger.de\/en\/produkt\/neu-keltentopf-m-1050-ml\/","title":{"rendered":"NEU: Keltentopf M &#8211; 1050 ml"},"content":{"rendered":"<p><span style=\"font-weight: 400;\">Stress-free and with style, roasting and braising? Try the <strong>Keltentopf\u00ae M<\/strong> from <strong>fireproof<\/strong> <strong>Ceramics<\/strong> and with <strong>special coating<\/strong> f\u00fcr portionierte Gratins, Aufl\u00e4ufe Beilagen und Desserts im Merklinger. <\/span><span style=\"font-weight: 400;\">Mit einem Durchmesser von 20,5 cm und einer H\u00f6he von 6 cm bereitest du m\u00fchelos leckere Portionen vor. Ist alles fertig, kann ganz dekorativ direkt auf dem Tisch serviert werden. <\/span><span style=\"font-weight: 400;\">Der Keltentopf M ben\u00f6tigt zum Anbraten kein Fett, ist lebensmittelecht, geschmacksneutral, h\u00e4lt lange warm und ist f\u00fcr Sp\u00fclmaschinen geeignet. <\/span><span style=\"font-weight: 400;\">Hergestellt von Denk Keramik: ein bayerisches Traditionsunternehmen, wo der Mensch und das Naturmaterial Keramik seit 1964 im Mittelpunkt stehen. Handgemacht in Bayern.<\/span><\/p>\n<p><span style=\"font-weight: 400;\"><strong>Material:<\/strong>CeraFlam : CeraFlam<\/span><span style=\"font-weight: 400;\">\u00ae<\/span><span style=\"font-weight: 400;\"> Ceramics<\/span><\/p>\n<p><strong>Farbe:<\/strong> Merklinger anthrazit<\/p>\n<p><span style=\"font-weight: 400;\"><strong>Dimensions:<\/strong>: Durchmesser 20,5 cm, H\u00f6he 6 cm, Volumen 1,05<\/span><span style=\"font-weight: 400;\">\u00a0Liter\u00a0<\/span><\/p>\n<p><span style=\"font-weight: 400;\"><strong>Weight:<\/strong>: 800 g<\/span><\/p>\n<p><em>Tipp: Den Keltentopf M erh\u00e4ltst du auch im <strong>4er oder 6er Sparset<\/strong>!<\/em><\/p>\n<p><em>Oder im Kombipaket <a href=\"https:\/\/www.dermerklinger.de\/en\/product\/neu-keltentopf-3er-set-s-m-l\/\"><b><u>3er-Sparset<\/u><\/b><\/a> mit den Gr\u00f6\u00dfen S und L!<\/em><\/p>\n<p>&nbsp;<\/p>","protected":false},"excerpt":{"rendered":"<p>Stressfrei und mit Stil, Braten und Schmoren? Versuche den Keltentopf\u00ae M aus feuerfester Keramik und mit besonderer Beschichtung f\u00fcr portionierte Gratins, Aufl\u00e4ufe Beilagen und Desserts im Merklinger. Mit einem Durchmesser von 20,5 cm und einer H\u00f6he von 6 cm bereitest du m\u00fchelos leckere Portionen vor. Ist alles fertig, kann ganz dekorativ direkt auf dem Tisch [&hellip;]<\/p>\n","protected":false},"featured_media":39055,"template":"","meta":{"_acf_changed":false},"product_brand":[],"product_cat":[44,177],"product_tag":[],"class_list":{"0":"post-39080","1":"product","2":"type-product","3":"status-publish","4":"has-post-thumbnail","6":"product_cat-zubehoer","7":"product_cat-sets","8":"product_shipping_class-kleinartikel-versand","10":"first","11":"instock","12":"sale","13":"taxable","14":"shipping-taxable","15":"purchasable","16":"product-type-variable"},"acf":[],"publishpress_future_action":{"enabled":false,"date":"2026-04-26 21:40:01","action":"change-status","newStatus":"draft","terms":[],"taxonomy":"product_cat","extraData":[]},"publishpress_future_workflow_manual_trigger":{"enabledWorkflows":[]},"_links":{"self":[{"href":"https:\/\/www.dermerklinger.de\/en\/wp-json\/wp\/v2\/product\/39080","targetHints":{"allow":["GET"]}}],"collection":[{"href":"https:\/\/www.dermerklinger.de\/en\/wp-json\/wp\/v2\/product"}],"about":[{"href":"https:\/\/www.dermerklinger.de\/en\/wp-json\/wp\/v2\/types\/product"}],"wp:featuredmedia":[{"embeddable":true,"href":"https:\/\/www.dermerklinger.de\/en\/wp-json\/wp\/v2\/media\/39055"}],"wp:attachment":[{"href":"https:\/\/www.dermerklinger.de\/en\/wp-json\/wp\/v2\/media?parent=39080"}],"wp:term":[{"taxonomy":"product_brand","embeddable":true,"href":"https:\/\/www.dermerklinger.de\/en\/wp-json\/wp\/v2\/product_brand?post=39080"},{"taxonomy":"product_cat","embeddable":true,"href":"https:\/\/www.dermerklinger.de\/en\/wp-json\/wp\/v2\/product_cat?post=39080"},{"taxonomy":"product_tag","embeddable":true,"href":"https:\/\/www.dermerklinger.de\/en\/wp-json\/wp\/v2\/product_tag?post=39080"}],"curies":[{"name":"wp","href":"https:\/\/api.w.org\/{rel}","templated":true}]}}