{"id":37699,"date":"2024-11-12T12:00:04","date_gmt":"2024-11-12T11:00:04","guid":{"rendered":"https:\/\/www.dermerklinger.de\/?post_type=product&#038;p=37699"},"modified":"2025-12-23T09:37:19","modified_gmt":"2025-12-23T08:37:19","slug":"professional-grill-tongs","status":"publish","type":"product","link":"https:\/\/www.dermerklinger.de\/en\/produkt\/profi-grillzange\/","title":{"rendered":"Profi Grillzange Edelstahl 60cm"},"content":{"rendered":"<p>With their length of 60 cm, the new barbecue tongs made of easy-care stainless steel ensure effective and safe handling of your Merklinger. The large contact surface of the tongs head ensures easy and safe gripping and turning, even of larger pieces of food. Robust, rust-free, easy to clean, dishwasher-safe and of course top quality.<\/p>\n<p><span style=\"font-weight: 400;\"><strong>Material:<\/strong>Stainless steel<\/span><\/p>\n<p><span style=\"font-weight: 400;\"><strong>Dimensions:<\/strong>Length 60 cm<\/span><\/p>","protected":false},"excerpt":{"rendered":"<p>Die neue Grillzange aus pflegeleichtem Edelstahl sorgt mit ihrer L\u00e4nge von 60 cm f\u00fcr ein sicheres Arbeiten am Merklinger. Durch die gro\u00dfe Kontaktfl\u00e4che des Zangenkopfs wird ein einfaches und sicheres Greifen und Wenden auch von gr\u00f6\u00dferem Grillgut gew\u00e4hrleistet. Robust, rostfrei, pflegeleicht, sp\u00fclmaschinenfest und nat\u00fcrlich top Qualit\u00e4t. Material: Edelstahl Ma\u00dfe: L\u00e4nge 60 cm<\/p>","protected":false},"featured_media":37703,"template":"","meta":{"_acf_changed":false},"product_brand":[],"product_cat":[44],"product_tag":[],"class_list":{"0":"post-37699","1":"product","2":"type-product","3":"status-publish","4":"has-post-thumbnail","6":"product_cat-zubehoer","7":"product_shipping_class-kleinartikel-versand","9":"first","10":"instock","11":"taxable","12":"shipping-taxable","13":"purchasable","14":"product-type-simple"},"acf":[],"publishpress_future_action":{"enabled":false,"date":"2026-05-06 19:33:39","action":"change-status","newStatus":"draft","terms":[],"taxonomy":"product_cat","extraData":[]},"publishpress_future_workflow_manual_trigger":{"enabledWorkflows":[]},"_links":{"self":[{"href":"https:\/\/www.dermerklinger.de\/en\/wp-json\/wp\/v2\/product\/37699","targetHints":{"allow":["GET"]}}],"collection":[{"href":"https:\/\/www.dermerklinger.de\/en\/wp-json\/wp\/v2\/product"}],"about":[{"href":"https:\/\/www.dermerklinger.de\/en\/wp-json\/wp\/v2\/types\/product"}],"wp:featuredmedia":[{"embeddable":true,"href":"https:\/\/www.dermerklinger.de\/en\/wp-json\/wp\/v2\/media\/37703"}],"wp:attachment":[{"href":"https:\/\/www.dermerklinger.de\/en\/wp-json\/wp\/v2\/media?parent=37699"}],"wp:term":[{"taxonomy":"product_brand","embeddable":true,"href":"https:\/\/www.dermerklinger.de\/en\/wp-json\/wp\/v2\/product_brand?post=37699"},{"taxonomy":"product_cat","embeddable":true,"href":"https:\/\/www.dermerklinger.de\/en\/wp-json\/wp\/v2\/product_cat?post=37699"},{"taxonomy":"product_tag","embeddable":true,"href":"https:\/\/www.dermerklinger.de\/en\/wp-json\/wp\/v2\/product_tag?post=37699"}],"curies":[{"name":"wp","href":"https:\/\/api.w.org\/{rel}","templated":true}]}}