{"id":33317,"date":"2024-01-18T15:40:58","date_gmt":"2024-01-18T14:40:58","guid":{"rendered":"https:\/\/www.dermerklinger.de\/?post_type=product&#038;p=33317"},"modified":"2025-12-05T06:14:46","modified_gmt":"2025-12-05T05:14:46","slug":"bobby-2","status":"publish","type":"product","link":"https:\/\/www.dermerklinger.de\/en\/produkt\/bobby-2\/","title":{"rendered":"Merklinger Bobby"},"content":{"rendered":"<p><strong>The revolutionary pizza oven, wood-fired oven and grill: <\/strong><strong>Merklinger Feeling Compact<\/strong>. The new Merklinger Bobby is THE wood-fired oven for authentic, crispy pizza, delicious bread, cooking, grilling and more. The 54 cm x 42 cm baking and cooking surface offers you enough space for you, your family and friends. Heated up in 10 minutes, the Bobby impresses with its simple temperature control, it is portable and will be your best friend on your terrace, balcony or on the go.<\/p>\n<p><strong>Included:<\/strong>2 natural clay bricks<\/p>\n<p><strong>Technical details:<\/strong><\/p>\n<ul>\n<li>Baking\/grilling\/cooking surface: 54 cm x 42 cm (W x D)<\/li>\n<li>Dimensions: 66 cm x 58 cm x 120 cm (W x D x H)<\/li>\n<li>Packing dimensions: 80 x 60 x 75 cm (W x D x H)<\/li>\n<li>Oven door dimensions: 47 cm x 16 cm (W x H)<\/li>\n<li>Weight: 72 kg<\/li>\n<\/ul>","protected":false},"excerpt":{"rendered":"<p>Der revolution\u00e4re Pizzaofen, Holzbackofen und Grill: Merklinger Feeling Kompakt. Der neue Merklinger Bobby ist DER Holzbackofen f\u00fcr authentische, knusprige Pizza, leckeres Brot, Kochen, Grillen und mehr. Die 54 cm x 42 cm gro\u00dfe Back-und Kochfl\u00e4che bietet dir ausreichend Platz f\u00fcr dich, deine Familie und Freunde. In 10 Minuten aufgeheizt besticht der Bobby durch eine einfache [&hellip;]<\/p>\n","protected":false},"featured_media":33952,"template":"","meta":{"_acf_changed":false},"product_brand":[],"product_cat":[175],"product_tag":[],"class_list":{"0":"post-33317","1":"product","2":"type-product","3":"status-publish","4":"has-post-thumbnail","6":"product_cat-holzbackoefen","7":"product_shipping_class-standardversand-outdoor-modul","9":"first","10":"instock","11":"taxable","12":"shipping-taxable","13":"purchasable","14":"product-type-simple"},"acf":[],"publishpress_future_action":{"enabled":false,"date":"2026-05-09 10:59:52","action":"change-status","newStatus":"draft","terms":[],"taxonomy":"product_cat","extraData":[]},"publishpress_future_workflow_manual_trigger":{"enabledWorkflows":[]},"_links":{"self":[{"href":"https:\/\/www.dermerklinger.de\/en\/wp-json\/wp\/v2\/product\/33317","targetHints":{"allow":["GET"]}}],"collection":[{"href":"https:\/\/www.dermerklinger.de\/en\/wp-json\/wp\/v2\/product"}],"about":[{"href":"https:\/\/www.dermerklinger.de\/en\/wp-json\/wp\/v2\/types\/product"}],"wp:featuredmedia":[{"embeddable":true,"href":"https:\/\/www.dermerklinger.de\/en\/wp-json\/wp\/v2\/media\/33952"}],"wp:attachment":[{"href":"https:\/\/www.dermerklinger.de\/en\/wp-json\/wp\/v2\/media?parent=33317"}],"wp:term":[{"taxonomy":"product_brand","embeddable":true,"href":"https:\/\/www.dermerklinger.de\/en\/wp-json\/wp\/v2\/product_brand?post=33317"},{"taxonomy":"product_cat","embeddable":true,"href":"https:\/\/www.dermerklinger.de\/en\/wp-json\/wp\/v2\/product_cat?post=33317"},{"taxonomy":"product_tag","embeddable":true,"href":"https:\/\/www.dermerklinger.de\/en\/wp-json\/wp\/v2\/product_tag?post=33317"}],"curies":[{"name":"wp","href":"https:\/\/api.w.org\/{rel}","templated":true}]}}