{"id":32556,"date":"2023-10-25T10:46:28","date_gmt":"2023-10-25T08:46:28","guid":{"rendered":"https:\/\/www.dermerklinger.de\/?post_type=product&#038;p=32556"},"modified":"2025-12-08T12:57:18","modified_gmt":"2025-12-08T11:57:18","slug":"celtic-bowl","status":"publish","type":"product","link":"https:\/\/www.dermerklinger.de\/en\/produkt\/keltenschale\/","title":{"rendered":"Celtic bowl"},"content":{"rendered":"<p>The <strong>Celtic bowl<\/strong> is the largest <strong>fireproof<\/strong> <strong>Tableware<\/strong> from Denk Keramik and with<strong> special coating<\/strong> especially for the Merklinger. It has a raised rim so that casseroles, gratins and quiches can be prepared alongside roast dishes. You can even bake cakes in the Celtic bowl and it also makes a great fruit bowl. <span style=\"font-weight: 400;\">Manufactured by Denk Keramik: a traditional Bavarian company that has focused on people and the natural material ceramic since 1964.<\/span><\/p>\n<p><span style=\"font-weight: 400;\"><strong>Material:<\/strong>CeraFlam : CeraFlam<\/span><span style=\"font-weight: 400;\">\u00ae<\/span><span style=\"font-weight: 400;\"> Ceramics<\/span><\/p>\n<p><strong>Farbe:<\/strong> Merklinger anthrazit<\/p>\n<p><span style=\"font-weight: 400;\"><strong>Dimensions:<\/strong>Diameter 37.5 cm, height 4.2 cm\u00a0<\/span><\/p>\n<p><span style=\"font-weight: 400;\"><strong>Weight:<\/strong>: 2,6 kg<\/span><\/p>","protected":false},"excerpt":{"rendered":"<p>Die Keltenschale ist das gr\u00f6\u00dfte feuerfeste Geschirr von Denk Keramik und mit besonderer Beschichtung extra f\u00fcr den Merklinger. Sie verf\u00fcgt \u00fcber einen hoch gezogenen Rand, so dass neben Bratgerichten auch Aufl\u00e4ufe, Gratins und Quiche zubereitet werden k\u00f6nnen. Selbst Kuchen k\u00f6nnen Sie in der Keltenschale hervorragend backen und auch als Obstschale bereitet sie Freude. Hergestellt von [&hellip;]<\/p>\n","protected":false},"featured_media":32543,"template":"","meta":{"_acf_changed":false},"product_brand":[],"product_cat":[44],"product_tag":[],"class_list":{"0":"post-32556","1":"product","2":"type-product","3":"status-publish","4":"has-post-thumbnail","6":"product_cat-zubehoer","7":"product_shipping_class-kleinartikel-versand","9":"first","10":"instock","11":"taxable","12":"shipping-taxable","13":"purchasable","14":"product-type-simple"},"acf":[],"publishpress_future_action":{"enabled":false,"date":"2026-05-20 19:36:03","action":"change-status","newStatus":"draft","terms":[],"taxonomy":"product_cat","extraData":[]},"publishpress_future_workflow_manual_trigger":{"enabledWorkflows":[]},"_links":{"self":[{"href":"https:\/\/www.dermerklinger.de\/en\/wp-json\/wp\/v2\/product\/32556","targetHints":{"allow":["GET"]}}],"collection":[{"href":"https:\/\/www.dermerklinger.de\/en\/wp-json\/wp\/v2\/product"}],"about":[{"href":"https:\/\/www.dermerklinger.de\/en\/wp-json\/wp\/v2\/types\/product"}],"wp:featuredmedia":[{"embeddable":true,"href":"https:\/\/www.dermerklinger.de\/en\/wp-json\/wp\/v2\/media\/32543"}],"wp:attachment":[{"href":"https:\/\/www.dermerklinger.de\/en\/wp-json\/wp\/v2\/media?parent=32556"}],"wp:term":[{"taxonomy":"product_brand","embeddable":true,"href":"https:\/\/www.dermerklinger.de\/en\/wp-json\/wp\/v2\/product_brand?post=32556"},{"taxonomy":"product_cat","embeddable":true,"href":"https:\/\/www.dermerklinger.de\/en\/wp-json\/wp\/v2\/product_cat?post=32556"},{"taxonomy":"product_tag","embeddable":true,"href":"https:\/\/www.dermerklinger.de\/en\/wp-json\/wp\/v2\/product_tag?post=32556"}],"curies":[{"name":"wp","href":"https:\/\/api.w.org\/{rel}","templated":true}]}}