{"id":32550,"date":"2023-10-25T10:46:31","date_gmt":"2023-10-25T08:46:31","guid":{"rendered":"https:\/\/www.dermerklinger.de\/?post_type=product&#038;p=32550"},"modified":"2025-12-05T06:20:19","modified_gmt":"2025-12-05T05:20:19","slug":"celtic-pot-fry-top-lid","status":"publish","type":"product","link":"https:\/\/www.dermerklinger.de\/en\/produkt\/keltentopf-bratplatte-deckel\/","title":{"rendered":"Keltentopf XL Bratplatte \/ Deckel"},"content":{"rendered":"<p><span style=\"font-weight: 400;\">Stressfrei und mit Stil, Braten und Schmoren? Die Keltentopf\u00ae XL <strong>Frying plate<\/strong> from <strong>fireproof<\/strong> <strong>Ceramics<\/strong> and with <strong>special coating <\/strong>for frying fish, pieces of meat and vegetables or as a<strong> Lid for your Celtic pot<\/strong>. <\/span><span style=\"font-weight: 400;\">With a diameter of 30.5 cm and a height of 2.7 cm, you can easily prepare fried food or side dishes.\u00a0<\/span><span style=\"font-weight: 400;\">Die Keltentopf\u00ae XL Bratplatte ben\u00f6tigt zum Anbraten kein Fett, ist lebensmittelecht, geschmacksneutral, h\u00e4lt lange warm und ist f\u00fcr Sp\u00fclmaschinen geeignet. <\/span><span style=\"font-weight: 400;\">Manufactured by Denk Keramik: a traditional Bavarian company that has focused on people and the natural material ceramic since 1964.<\/span><\/p>\n<p><span style=\"font-weight: 400;\"><strong>Material:<\/strong>CeraFlam : CeraFlam<\/span><span style=\"font-weight: 400;\">\u00ae<\/span><span style=\"font-weight: 400;\"> Ceramics<\/span><\/p>\n<p><strong>Farbe: <\/strong>Merklinger anthrazit<\/p>\n<p><span style=\"font-weight: 400;\"><strong>Dimensions:<\/strong>Diameter 30.5 cm, height 2.7 cm<\/span><\/p>\n<p><span style=\"font-weight: 400;\"><strong>Weight:<\/strong>: 1,4 kg<\/span><\/p>","protected":false},"excerpt":{"rendered":"<p>Stressfrei und mit Stil, Braten und Schmoren? Die Keltentopf\u00ae XL Bratplatte aus feuerfester Keramik und mit besonderer Beschichtung zum Braten von Fisch, Fleischst\u00fccken und Gem\u00fcse oder als Deckel f\u00fcr deinen Keltentopf. Mit einem Durchmesser von 30,5 cm und einer H\u00f6he von 2,7 cm bereitest du m\u00fchelos Gebratenes oder Beilagen vor.\u00a0Die Keltentopf\u00ae XL Bratplatte ben\u00f6tigt zum [&hellip;]<\/p>\n","protected":false},"featured_media":32542,"template":"","meta":{"_acf_changed":false},"product_brand":[],"product_cat":[44],"product_tag":[],"class_list":{"0":"post-32550","1":"product","2":"type-product","3":"status-publish","4":"has-post-thumbnail","6":"product_cat-zubehoer","7":"product_shipping_class-kleinartikel-versand","9":"first","10":"instock","11":"taxable","12":"shipping-taxable","13":"purchasable","14":"product-type-simple"},"acf":[],"publishpress_future_action":{"enabled":false,"date":"2026-05-08 07:29:25","action":"change-status","newStatus":"draft","terms":[],"taxonomy":"product_cat","extraData":[]},"publishpress_future_workflow_manual_trigger":{"enabledWorkflows":[]},"_links":{"self":[{"href":"https:\/\/www.dermerklinger.de\/en\/wp-json\/wp\/v2\/product\/32550","targetHints":{"allow":["GET"]}}],"collection":[{"href":"https:\/\/www.dermerklinger.de\/en\/wp-json\/wp\/v2\/product"}],"about":[{"href":"https:\/\/www.dermerklinger.de\/en\/wp-json\/wp\/v2\/types\/product"}],"wp:featuredmedia":[{"embeddable":true,"href":"https:\/\/www.dermerklinger.de\/en\/wp-json\/wp\/v2\/media\/32542"}],"wp:attachment":[{"href":"https:\/\/www.dermerklinger.de\/en\/wp-json\/wp\/v2\/media?parent=32550"}],"wp:term":[{"taxonomy":"product_brand","embeddable":true,"href":"https:\/\/www.dermerklinger.de\/en\/wp-json\/wp\/v2\/product_brand?post=32550"},{"taxonomy":"product_cat","embeddable":true,"href":"https:\/\/www.dermerklinger.de\/en\/wp-json\/wp\/v2\/product_cat?post=32550"},{"taxonomy":"product_tag","embeddable":true,"href":"https:\/\/www.dermerklinger.de\/en\/wp-json\/wp\/v2\/product_tag?post=32550"}],"curies":[{"name":"wp","href":"https:\/\/api.w.org\/{rel}","templated":true}]}}