{"id":28951,"date":"2023-03-16T14:03:08","date_gmt":"2023-03-16T13:03:08","guid":{"rendered":"https:\/\/www.dermerklinger.de\/?post_type=product&#038;p=28951"},"modified":"2025-12-05T06:46:10","modified_gmt":"2025-12-05T05:46:10","slug":"outdoor-kitchen-magic-place","status":"publish","type":"product","link":"https:\/\/www.dermerklinger.de\/en\/produkt\/outdoorkueche-zauberplatz\/","title":{"rendered":"The Cullina"},"content":{"rendered":"<div class=\"ProductItem-details-excerpt\" data-content-field=\"excerpt\">\n<p><span style=\"font-weight: 400;\"><strong>The Merklingen outdoor kitchen \"Zauberplatz\". <\/strong>The Merklinger 800 and three outdoor modules with granite surface, integrated fridge and plenty of storage space in a total of nine drawers, each 65 cm deep, are the perfect equipment. This means you always have your chilled food, drinks and dough as well as your accessories and wood to hand. The high-quality outdoor fridge has <\/span><span style=\"font-weight: 400;\">one <strong style=\"font-weight: 400;\">LED lighting<\/strong>, <strong style=\"font-weight: 400;\">63 liter storage volume, 3 removable shelves<\/strong> and <strong style=\"font-weight: 400;\">3-layer insulating safety glass with UV filter<\/strong>. <strong><span style=\"color: #ff0000;\">0% Financing possible!<\/span><\/strong><\/span><\/p>\n<\/div>\n<p>&nbsp;<\/p>\n<p><strong>More details and dimensions for the individual products:<\/strong><\/p>\n<div class=\"ProductItem-details-excerpt\" data-content-field=\"excerpt\">\n<p><span style=\"font-weight: 400;\"><a href=\"https:\/\/www.dermerklinger.de\/en\/product\/merklinger-800\/\" target=\"_blank\" rel=\"noopener\">1x Merklinger 800<\/a><\/span><\/p>\n<p><a href=\"https:\/\/www.dermerklinger.de\/en\/product\/outdoor-module-lotti\/\" target=\"_blank\" rel=\"noopener\">1x Lotti outdoor module (6 drawers)<\/a><\/p>\n<p><span style=\"font-weight: 400;\"><a href=\"https:\/\/www.dermerklinger.de\/en\/product\/outdoor-module-maria\/\" target=\"_blank\" rel=\"noopener\">1x outdoor module Maria (with fridge)<\/a> <\/span><\/p>\n<p><span style=\"font-weight: 400;\"><a href=\"https:\/\/www.dermerklinger.de\/en\/product\/front-panel800\/\" target=\"_blank\" rel=\"noopener\">1x front panel 800 (ribbed)<\/a>\u00a0\u00a0<\/span><\/p>\n<p><span style=\"font-weight: 400;\"><a href=\"https:\/\/www.dermerklinger.de\/en\/product\/front-panel-outdoor-module\/+%e2%80%8e\/\" target=\"_blank\" rel=\"noopener\">1x front panel outdoor module (ribbed)<\/a><\/span><\/p>\n<p><span style=\"font-weight: 400;\"><a href=\"https:\/\/www.dermerklinger.de\/en\/product\/frontblende-outd%e2%80%a6-modul-mariamaxi\/\" target=\"_blank\" rel=\"noopener\">1x Maria front panel (ribbed)<\/a><\/span><\/p>\n<\/div>\n<div class=\"ProductItem-details-excerpt\" data-content-field=\"excerpt\">\n<p>&nbsp;<\/p>\n<\/div>","protected":false},"excerpt":{"rendered":"<p>Die Merklinger Outdoork\u00fcche &#8222;Zauberplatz&#8220;. Top ausgestattet bist du mit dem Merklinger 800 und drei Outdoor Modulen mit Granitoberfl\u00e4che, integriertem K\u00fchlschrank und viel Stauraum in insgesamt neun Schubladen mit einer Tiefe von je 65 cm. Somit hast du deine gek\u00fchlten Speisen, Getr\u00e4nke und Teige als auch dein Zubeh\u00f6r und Holz stets griffbereit. Der hochwertige Outdoor K\u00fchlschrank [&hellip;]<\/p>\n","protected":false},"featured_media":28949,"template":"","meta":{"_acf_changed":false},"product_brand":[],"product_cat":[176,177],"product_tag":[],"class_list":{"0":"post-28951","1":"product","2":"type-product","3":"status-publish","4":"has-post-thumbnail","6":"product_cat-outdoorkueche","7":"product_cat-sets","8":"product_shipping_class-standardversand-ofen-modul","10":"first","11":"instock","12":"taxable","13":"shipping-taxable","14":"purchasable","15":"product-type-simple"},"acf":[],"publishpress_future_action":{"enabled":false,"date":"2026-05-16 20:23:14","action":"change-status","newStatus":"draft","terms":[],"taxonomy":"product_cat","extraData":[]},"publishpress_future_workflow_manual_trigger":{"enabledWorkflows":[]},"_links":{"self":[{"href":"https:\/\/www.dermerklinger.de\/en\/wp-json\/wp\/v2\/product\/28951","targetHints":{"allow":["GET"]}}],"collection":[{"href":"https:\/\/www.dermerklinger.de\/en\/wp-json\/wp\/v2\/product"}],"about":[{"href":"https:\/\/www.dermerklinger.de\/en\/wp-json\/wp\/v2\/types\/product"}],"wp:featuredmedia":[{"embeddable":true,"href":"https:\/\/www.dermerklinger.de\/en\/wp-json\/wp\/v2\/media\/28949"}],"wp:attachment":[{"href":"https:\/\/www.dermerklinger.de\/en\/wp-json\/wp\/v2\/media?parent=28951"}],"wp:term":[{"taxonomy":"product_brand","embeddable":true,"href":"https:\/\/www.dermerklinger.de\/en\/wp-json\/wp\/v2\/product_brand?post=28951"},{"taxonomy":"product_cat","embeddable":true,"href":"https:\/\/www.dermerklinger.de\/en\/wp-json\/wp\/v2\/product_cat?post=28951"},{"taxonomy":"product_tag","embeddable":true,"href":"https:\/\/www.dermerklinger.de\/en\/wp-json\/wp\/v2\/product_tag?post=28951"}],"curies":[{"name":"wp","href":"https:\/\/api.w.org\/{rel}","templated":true}]}}