{"id":28941,"date":"2023-03-16T13:32:13","date_gmt":"2023-03-16T12:32:13","guid":{"rendered":"https:\/\/www.dermerklinger.de\/?post_type=product&#038;p=28941"},"modified":"2025-12-05T06:46:11","modified_gmt":"2025-12-05T05:46:11","slug":"outdoor-kitchen-platzhirsch","status":"publish","type":"product","link":"https:\/\/www.dermerklinger.de\/en\/produkt\/outdoorkueche-platzhirsch\/","title":{"rendered":"The Chef"},"content":{"rendered":"<div class=\"ProductItem-details-excerpt\" data-content-field=\"excerpt\">\n<p><span style=\"font-weight: 400;\"><strong>The Merklingen outdoor kitchen \"Platzhirsch\". <\/strong>The Merklinger 800 and three outdoor modules with granite surface, integrated stainless steel sink, refrigerator and plenty of storage space in six drawers with a depth of 65 cm provide you with top equipment. Chilling your drinks, dough and food right next to your Merklinger, as well as washing or simply rinsing vegetables has never been so easy. The high-quality outdoor refrigerator has <\/span><span style=\"font-weight: 400;\">one <strong style=\"font-weight: 400;\">LED lighting<\/strong>, <strong style=\"font-weight: 400;\">63 liter storage volume, 3 removable shelves<\/strong> and <strong style=\"font-weight: 400;\">3-layer insulating safety glass with UV filter<\/strong>. <strong><span style=\"color: #ff0000;\">0% Financing possible!<\/span><\/strong><\/span><\/p>\n<\/div>\n<p>&nbsp;<\/p>\n<p><strong>More details and dimensions for your individual products:<\/strong><\/p>\n<div class=\"ProductItem-details-excerpt\" data-content-field=\"excerpt\">\n<p><span style=\"font-weight: 400;\"><a href=\"https:\/\/www.dermerklinger.de\/en\/product\/merklinger-800\/\" target=\"_blank\" rel=\"noopener\">1x Merklinger 800<\/a><\/span><\/p>\n<p><a href=\"https:\/\/www.dermerklinger.de\/en\/product\/outdoor-module-lotti\/\" target=\"_blank\" rel=\"noopener\">1x Lotti outdoor module (6 drawers)<\/a><\/p>\n<p><span style=\"font-weight: 400;\"><a href=\"https:\/\/www.dermerklinger.de\/en\/product\/outdoor-module-maria\/\" target=\"_blank\" rel=\"noopener\">1x outdoor module Maria (with fridge)<\/a> <\/span><\/p>\n<p><span style=\"font-weight: 400;\"><a href=\"https:\/\/www.dermerklinger.de\/en\/product\/outdoor-module-toni\/\" target=\"_blank\" rel=\"noopener\">1x outdoor module Toni (with sink)<\/a><\/span><\/p>\n<p><span style=\"font-weight: 400;\"><a href=\"https:\/\/www.dermerklinger.de\/en\/product\/front-panel800\/\" target=\"_blank\" rel=\"noopener\">1x front panel 800 (ribbed)<\/a>\u00a0\u00a0<\/span><\/p>\n<p><span style=\"font-weight: 400;\"><a href=\"https:\/\/www.dermerklinger.de\/en\/product\/front-panel-outdoor-module\/+%e2%80%8e\/\" target=\"_blank\" rel=\"noopener\">2x front panel outdoor module (ribbed)<\/a><\/span><\/p>\n<p><span style=\"font-weight: 400;\"><a href=\"https:\/\/www.dermerklinger.de\/en\/product\/frontblende-outd%e2%80%a6-modul-mariamaxi\/\" target=\"_blank\" rel=\"noopener\">1x Maria front panel (ribbed)<\/a><\/span><\/p>\n<\/div>\n<div class=\"ProductItem-details-excerpt\" data-content-field=\"excerpt\">\n<p>&nbsp;<\/p>\n<\/div>","protected":false},"excerpt":{"rendered":"<p>Die Merklinger Outdoork\u00fcche &#8222;Platzhirsch&#8220;. Top ausgestattet bist du mit dem Merklinger 800 und drei Outdoor Modulen mit Granitoberfl\u00e4che, integriertem Edelstahl Sp\u00fclbecken, K\u00fchlschrank und viel Stauraum in sechs Schubladen mit einer Tiefe von 65 cm. Das K\u00fchlen deiner Getr\u00e4nke, Teige und Speisen direkt neben deinem Merklinger, sowie Gem\u00fcse waschen oder einfach nur absp\u00fclen war noch nie [&hellip;]<\/p>\n","protected":false},"featured_media":28942,"template":"","meta":{"_acf_changed":false},"product_brand":[],"product_cat":[176,177],"product_tag":[],"class_list":{"0":"post-28941","1":"product","2":"type-product","3":"status-publish","4":"has-post-thumbnail","6":"product_cat-outdoorkueche","7":"product_cat-sets","8":"product_shipping_class-standardversand-ofen-modul","10":"first","11":"instock","12":"taxable","13":"shipping-taxable","14":"purchasable","15":"product-type-simple"},"acf":[],"publishpress_future_action":{"enabled":false,"date":"2026-04-26 19:57:57","action":"change-status","newStatus":"draft","terms":[],"taxonomy":"product_cat","extraData":[]},"publishpress_future_workflow_manual_trigger":{"enabledWorkflows":[]},"_links":{"self":[{"href":"https:\/\/www.dermerklinger.de\/en\/wp-json\/wp\/v2\/product\/28941","targetHints":{"allow":["GET"]}}],"collection":[{"href":"https:\/\/www.dermerklinger.de\/en\/wp-json\/wp\/v2\/product"}],"about":[{"href":"https:\/\/www.dermerklinger.de\/en\/wp-json\/wp\/v2\/types\/product"}],"wp:featuredmedia":[{"embeddable":true,"href":"https:\/\/www.dermerklinger.de\/en\/wp-json\/wp\/v2\/media\/28942"}],"wp:attachment":[{"href":"https:\/\/www.dermerklinger.de\/en\/wp-json\/wp\/v2\/media?parent=28941"}],"wp:term":[{"taxonomy":"product_brand","embeddable":true,"href":"https:\/\/www.dermerklinger.de\/en\/wp-json\/wp\/v2\/product_brand?post=28941"},{"taxonomy":"product_cat","embeddable":true,"href":"https:\/\/www.dermerklinger.de\/en\/wp-json\/wp\/v2\/product_cat?post=28941"},{"taxonomy":"product_tag","embeddable":true,"href":"https:\/\/www.dermerklinger.de\/en\/wp-json\/wp\/v2\/product_tag?post=28941"}],"curies":[{"name":"wp","href":"https:\/\/api.w.org\/{rel}","templated":true}]}}