{"id":27977,"date":"2023-03-16T19:01:59","date_gmt":"2023-03-16T18:01:59","guid":{"rendered":"https:\/\/www.dermerklinger.de\/?post_type=product&#038;p=27977"},"modified":"2025-12-05T06:46:08","modified_gmt":"2025-12-05T05:46:08","slug":"outdoor-module-anton","status":"publish","type":"product","link":"https:\/\/www.dermerklinger.de\/en\/produkt\/outdoor-modul-anton\/","title":{"rendered":"Outdoor module Anton"},"content":{"rendered":"<div class=\"ProductItem-details-excerpt\" data-content-field=\"excerpt\">\n<p class=\"\"><span style=\"font-weight: 400;\">For your <strong>Merklinger outdoor kitchen world<\/strong>The <strong>Merklinger Outdoor Module<\/strong> with <strong>Granite surface<\/strong> as your practical companion to the Merklinger wood-fired oven and grill. In a closed look with <strong>Two high-quality doors<\/strong> made of larch wood and <strong>Filing<\/strong> <strong>in the interior<\/strong> you have plenty of storage space for your accessories, wood and more. Robust, high-quality and practical, as you would expect from us. Decoration and accessories <span style=\"color: #000000;\">(such as the <a style=\"color: #000000;\" href=\"https:\/\/www.dermerklinger.de\/en\/product\/front-panel-outdoor-module\/\" target=\"_blank\" rel=\"noopener\">Front panel<\/a>)<\/span>\u00a0are not included in the scope of delivery.<\/span><\/p>\n<p>&nbsp;<\/p>\n<p><b>Material:<\/b><span style=\"font-weight: 400;\">: <\/span>Granite work surface, all wooden parts made of larch, powder-coated steel frame, solid rubber wheels, parking brake.<\/p>\n<p><b>Module dimensions<\/b><span style=\"font-weight: 400;\">118 x 78 x 93 cm (width x depth x height)<\/span><\/p>\n<p><b>Interior dimensions<\/b><span style=\"font-weight: 400;\">approx. 102 x <\/span>69 x 60 cm (width x depth <span style=\"font-weight: 400;\">x height)<\/span><\/p>\n<p><b>Weight:<\/b><span style=\"font-weight: 400;\"> approx. 145 kg<\/span><\/p>\n<\/div>","protected":false},"excerpt":{"rendered":"<p>F\u00fcr deine Merklinger Outdoork\u00fcchen-Welt: Das Merklinger Outdoor Modul mit Granitoberfl\u00e4che als dein praktischer Begleiter zum Merklinger Holzbackofen und Grill. Im geschlossenen Look mit zwei hochwertigen T\u00fcren aus L\u00e4rchenholz und Ablage im Innenraum hast du sehr viel Stauraum f\u00fcr dein Zubeh\u00f6r, Holz und mehr. Robust, hochwertig und praktisch, wie du es von uns gewohnt bist. Deko [&hellip;]<\/p>\n","protected":false},"featured_media":1976,"template":"","meta":{"_acf_changed":false},"product_brand":[],"product_cat":[44,176],"product_tag":[],"class_list":{"0":"post-27977","1":"product","2":"type-product","3":"status-publish","4":"has-post-thumbnail","6":"product_cat-zubehoer","7":"product_cat-outdoorkueche","8":"product_shipping_class-standardversand-outdoor-modul","10":"first","11":"instock","12":"taxable","13":"shipping-taxable","14":"purchasable","15":"product-type-simple"},"acf":[],"publishpress_future_action":{"enabled":false,"date":"2026-05-11 15:53:27","action":"change-status","newStatus":"draft","terms":[],"taxonomy":"product_cat","extraData":[]},"publishpress_future_workflow_manual_trigger":{"enabledWorkflows":[]},"_links":{"self":[{"href":"https:\/\/www.dermerklinger.de\/en\/wp-json\/wp\/v2\/product\/27977","targetHints":{"allow":["GET"]}}],"collection":[{"href":"https:\/\/www.dermerklinger.de\/en\/wp-json\/wp\/v2\/product"}],"about":[{"href":"https:\/\/www.dermerklinger.de\/en\/wp-json\/wp\/v2\/types\/product"}],"wp:featuredmedia":[{"embeddable":true,"href":"https:\/\/www.dermerklinger.de\/en\/wp-json\/wp\/v2\/media\/1976"}],"wp:attachment":[{"href":"https:\/\/www.dermerklinger.de\/en\/wp-json\/wp\/v2\/media?parent=27977"}],"wp:term":[{"taxonomy":"product_brand","embeddable":true,"href":"https:\/\/www.dermerklinger.de\/en\/wp-json\/wp\/v2\/product_brand?post=27977"},{"taxonomy":"product_cat","embeddable":true,"href":"https:\/\/www.dermerklinger.de\/en\/wp-json\/wp\/v2\/product_cat?post=27977"},{"taxonomy":"product_tag","embeddable":true,"href":"https:\/\/www.dermerklinger.de\/en\/wp-json\/wp\/v2\/product_tag?post=27977"}],"curies":[{"name":"wp","href":"https:\/\/api.w.org\/{rel}","templated":true}]}}