{"id":27970,"date":"2023-03-16T19:05:06","date_gmt":"2023-03-16T18:05:06","guid":{"rendered":"https:\/\/www.dermerklinger.de\/?post_type=product&#038;p=27970"},"modified":"2025-12-05T06:46:06","modified_gmt":"2025-12-05T05:46:06","slug":"outdoor-module-irmi","status":"publish","type":"product","link":"https:\/\/www.dermerklinger.de\/en\/produkt\/outdoor-modul-irmi\/","title":{"rendered":"Outdoor module Irmi"},"content":{"rendered":"<div class=\"ProductItem-details-excerpt\" data-content-field=\"excerpt\">\n<p>For your <strong>Merklinger outdoor kitchen world<\/strong>: <span style=\"font-weight: 400;\">The new <strong>Merklinger outdoor module with three wide drawers<\/strong> (depth of 65 cm!) you have plenty of storage space for your accessories, grooming kit and more. <\/span>Robust, high-quality and practical, as you would expect from us. Decoration and accessories <span style=\"font-weight: 400;\"><span style=\"color: #000000;\">(such as the <a style=\"color: #000000;\" href=\"https:\/\/www.dermerklinger.de\/en\/product\/front-panel-outdoor-module\/\" target=\"_blank\" rel=\"noopener\">Front panel<\/a>)<\/span><\/span>\u00a0are not included in the scope of delivery.<\/p>\n<p>&nbsp;<\/p>\n<p><b>Material:<\/b><span style=\"font-weight: 400;\">: <\/span>Granite worktop, all wooden parts made of larch<span style=\"font-weight: 400;\">, Frame made of <\/span>powder-coated<span style=\"font-weight: 400;\"> Steel, solid rubber wheels, parking brake.<\/span><\/p>\n<p><b>Module dimensions<\/b><span style=\"font-weight: 400;\">approx. 118 x 78 x 93 cm (width x depth x height)<\/span><\/p>\n<p><b>Drawer dimensions<\/b><span style=\"font-weight: 400;\">: <\/span>approx. 98 x 65 x 12 cm (1x), 98 x 65 x 22 cm (1x), 98 x 65 x 24 cm (1x) (width x depth x height)<\/p>\n<p><b>Weight:<\/b><span style=\"font-weight: 400;\"> approx. 175 kg<\/span><\/p>\n<\/div>","protected":false},"excerpt":{"rendered":"<p>F\u00fcr deine Merklinger Outdoork\u00fcchen-Welt: Das neue Merklinger Outdoor Modul mit drei breiten Schubladen (Tiefe von 65 cm!) hast du super viel Stauraum f\u00fcr dein Zubeh\u00f6r, Pflegeset und mehr. Robust, hochwertig und praktisch, wie du es von uns gewohnt bist. Deko und Zubeh\u00f6rartikel (wie z.B. die Frontblende)\u00a0geh\u00f6ren nicht zum Lieferumfang. &nbsp; Material: Arbeitsfl\u00e4che aus Granit, alle [&hellip;]<\/p>\n","protected":false},"featured_media":28005,"template":"","meta":{"_acf_changed":false},"product_brand":[],"product_cat":[44,176],"product_tag":[],"class_list":{"0":"post-27970","1":"product","2":"type-product","3":"status-publish","4":"has-post-thumbnail","6":"product_cat-zubehoer","7":"product_cat-outdoorkueche","8":"product_shipping_class-standardversand-outdoor-modul","10":"first","11":"instock","12":"taxable","13":"shipping-taxable","14":"purchasable","15":"product-type-simple"},"acf":[],"publishpress_future_action":{"enabled":false,"date":"2026-05-09 23:29:39","action":"change-status","newStatus":"draft","terms":[],"taxonomy":"product_cat","extraData":[]},"publishpress_future_workflow_manual_trigger":{"enabledWorkflows":[]},"_links":{"self":[{"href":"https:\/\/www.dermerklinger.de\/en\/wp-json\/wp\/v2\/product\/27970","targetHints":{"allow":["GET"]}}],"collection":[{"href":"https:\/\/www.dermerklinger.de\/en\/wp-json\/wp\/v2\/product"}],"about":[{"href":"https:\/\/www.dermerklinger.de\/en\/wp-json\/wp\/v2\/types\/product"}],"wp:featuredmedia":[{"embeddable":true,"href":"https:\/\/www.dermerklinger.de\/en\/wp-json\/wp\/v2\/media\/28005"}],"wp:attachment":[{"href":"https:\/\/www.dermerklinger.de\/en\/wp-json\/wp\/v2\/media?parent=27970"}],"wp:term":[{"taxonomy":"product_brand","embeddable":true,"href":"https:\/\/www.dermerklinger.de\/en\/wp-json\/wp\/v2\/product_brand?post=27970"},{"taxonomy":"product_cat","embeddable":true,"href":"https:\/\/www.dermerklinger.de\/en\/wp-json\/wp\/v2\/product_cat?post=27970"},{"taxonomy":"product_tag","embeddable":true,"href":"https:\/\/www.dermerklinger.de\/en\/wp-json\/wp\/v2\/product_tag?post=27970"}],"curies":[{"name":"wp","href":"https:\/\/api.w.org\/{rel}","templated":true}]}}