{"id":23884,"date":"2022-07-20T14:06:11","date_gmt":"2022-07-20T12:06:11","guid":{"rendered":"https:\/\/www.dermerklinger.de\/?post_type=product&#038;p=23884"},"modified":"2025-12-05T06:33:47","modified_gmt":"2025-12-05T05:33:47","slug":"merklinger-800-installation-edition","status":"publish","type":"product","link":"https:\/\/www.dermerklinger.de\/en\/produkt\/merklinger-800-einbau-edition\/","title":{"rendered":"Merklinger \"Built in\" 800"},"content":{"rendered":"<p><strong>Our best-selling model, the Merklinger 800, is now  available as a built-in version for your outdoor kitchen or bakehouse! <\/strong>The new family member is the all-rounder which can be directly integrated in your outdoor kitchen. <strong>Inspiring, individual, integrable.<\/strong> The stylish design and simple installation make your outdoor kitchen very special. Firmly integrated and space-saving, the Merklinger adapts individually to your dreams for your outdoor kitchen. The four steel legs, which are also placed on precisely fitting stainless steel plates, gives your Merklinger stability.<\/p>\n<p>You can easily prepare all your favorite dishes on the 80 cm x 50 cm baking and grilling surface. You can even bake and grill simultaneously, as the 800 has enough space for four to eight people. Also ideal for parties, birthdays and small catering events.<\/p>\n<p><strong>Included:<\/strong>With 4 natural fireclay bricks as standard. You will also receive the Merklinger instructions, 2 pages of tips &amp; tricks for your first dishes and a surprise package.<\/p>\n<p><strong>IMPORTANT! <\/strong>The Merklinger 800 installation is NOT compatible with the granite side table<\/p>\n<p><strong>Technical details:<\/strong><\/p>\n<ul>\n<li>Assembly dimensions with stove pipe: 164.7 cm x 103.8 cm x 73.5 cm (H x W x D)<\/li>\n<li>Dimensions without stove pipe: 83.0 cm x 103.8 cm x 73.5 cm (H x W x D)<\/li>\n<li>Baking\/grilling\/cooking surface: 80 cm x 50 cm (width x depth)<\/li>\n<li>Dimension of the oven door<span style=\"color: #333333;\">: 24 cm x 74 cm <\/span>(height x width)<\/li>\n<li>Weight: approx. <span style=\"color: #ff0000;\"><span style=\"color: #000000;\">200<\/span> <\/span>kg<\/li>\n<\/ul>\n<p>&nbsp;<\/p>\n<p><strong>Notes:<\/strong><\/p>\n<p>The Merklinger 800 built-in edition should be placed on a stable and heat-resistant surface.<\/p>","protected":false},"excerpt":{"rendered":"<p>Unser meistverkauftes Modell, der Merklinger 800, jetzt als Einbauvariante f\u00fcr deine Outdoork\u00fcche oder dein Backhaus! Das neue Familienmitglied ist der direkt integrierbare Allesk\u00f6nner in deiner Outdoork\u00fcche. Inspirierend, individuell, integrierbar. Das stilvolle Design und einen einfachen Einbau verleihen deiner Outdoork\u00fcche einen ganz besonderen Glanz. Fest integriert und dabei platzsparend f\u00fcgt sich der Merklinger individuell an deine [&hellip;]<\/p>\n","protected":false},"featured_media":24067,"template":"","meta":{"_acf_changed":false},"product_brand":[],"product_cat":[175],"product_tag":[],"class_list":{"0":"post-23884","1":"product","2":"type-product","3":"status-publish","4":"has-post-thumbnail","6":"product_cat-holzbackoefen","7":"product_shipping_class-standardversand-ofen","9":"first","10":"instock","11":"featured","12":"taxable","13":"shipping-taxable","14":"purchasable","15":"product-type-simple"},"acf":[],"publishpress_future_action":{"enabled":false,"date":"2026-04-30 10:55:28","action":"change-status","newStatus":"draft","terms":[],"taxonomy":"product_cat","extraData":[]},"publishpress_future_workflow_manual_trigger":{"enabledWorkflows":[]},"_links":{"self":[{"href":"https:\/\/www.dermerklinger.de\/en\/wp-json\/wp\/v2\/product\/23884","targetHints":{"allow":["GET"]}}],"collection":[{"href":"https:\/\/www.dermerklinger.de\/en\/wp-json\/wp\/v2\/product"}],"about":[{"href":"https:\/\/www.dermerklinger.de\/en\/wp-json\/wp\/v2\/types\/product"}],"wp:featuredmedia":[{"embeddable":true,"href":"https:\/\/www.dermerklinger.de\/en\/wp-json\/wp\/v2\/media\/24067"}],"wp:attachment":[{"href":"https:\/\/www.dermerklinger.de\/en\/wp-json\/wp\/v2\/media?parent=23884"}],"wp:term":[{"taxonomy":"product_brand","embeddable":true,"href":"https:\/\/www.dermerklinger.de\/en\/wp-json\/wp\/v2\/product_brand?post=23884"},{"taxonomy":"product_cat","embeddable":true,"href":"https:\/\/www.dermerklinger.de\/en\/wp-json\/wp\/v2\/product_cat?post=23884"},{"taxonomy":"product_tag","embeddable":true,"href":"https:\/\/www.dermerklinger.de\/en\/wp-json\/wp\/v2\/product_tag?post=23884"}],"curies":[{"name":"wp","href":"https:\/\/api.w.org\/{rel}","templated":true}]}}