{"id":20618,"date":"2021-12-09T20:02:11","date_gmt":"2021-12-09T19:02:11","guid":{"rendered":"https:\/\/www.dermerklinger.de\/?post_type=product&#038;p=20618"},"modified":"2025-12-23T09:48:09","modified_gmt":"2025-12-23T08:48:09","slug":"mobile-table-cover","status":"publish","type":"product","link":"https:\/\/www.dermerklinger.de\/en\/produkt\/mobiler-tisch-abdeckhaube\/","title":{"rendered":"Outdoor module cover"},"content":{"rendered":"<p>The perfect protection for your Merklinger outdoor module against snow, rain and dirt! It is easy to pull over the outdoor module, breathable and water, dirt and mildew repellent. It also has tested UV resistance. The taped seams guarantee a waterproof and durable connection with the cover. The drawstring is used for practical and secure fastening. Washable at 30\u00b0C. As a treat: you also receive a Merklinger carrying bag to store the cover.<\/p>\n<div><strong>Material:<\/strong>Top layer made of 100 % polyurethane coating, bottom layer made of 100 % polyurethane fleece with<\/div>\n<p><strong>Dimensions:<\/strong>119 x 79 x 86cm (length x width x height)<\/p>","protected":false},"excerpt":{"rendered":"<p>Der perfekte Schutz deines Merklinger Outdoor Moduls vor Schnee, Regen und Schmutz! Sie ist einfach \u00fcber das Outdoor Modul zu ziehen, atmungsaktiv sowie wasser-, schmutz- und schimmelabweisend. Dazu besitzt sie eine gepr\u00fcfte UV-Best\u00e4ndigkeit. Die verschwei\u00dften N\u00e4hte garantieren eine wasserdichte sowie strapazierf\u00e4hige Verbindung mit der Abdeckhaube. Der verarbeitete Kordelzug dient zur praktischen und sicheren Befestigung. Waschbar [&hellip;]<\/p>\n","protected":false},"featured_media":20728,"template":"","meta":{"_acf_changed":false},"product_brand":[],"product_cat":[44,176],"product_tag":[],"class_list":{"0":"post-20618","1":"product","2":"type-product","3":"status-publish","4":"has-post-thumbnail","6":"product_cat-zubehoer","7":"product_cat-outdoorkueche","8":"product_shipping_class-kleinartikel-versand","10":"first","11":"instock","12":"taxable","13":"shipping-taxable","14":"purchasable","15":"product-type-simple"},"acf":[],"publishpress_future_action":{"enabled":false,"date":"2026-05-08 03:47:12","action":"change-status","newStatus":"draft","terms":[],"taxonomy":"product_cat","extraData":[]},"publishpress_future_workflow_manual_trigger":{"enabledWorkflows":[]},"_links":{"self":[{"href":"https:\/\/www.dermerklinger.de\/en\/wp-json\/wp\/v2\/product\/20618","targetHints":{"allow":["GET"]}}],"collection":[{"href":"https:\/\/www.dermerklinger.de\/en\/wp-json\/wp\/v2\/product"}],"about":[{"href":"https:\/\/www.dermerklinger.de\/en\/wp-json\/wp\/v2\/types\/product"}],"wp:featuredmedia":[{"embeddable":true,"href":"https:\/\/www.dermerklinger.de\/en\/wp-json\/wp\/v2\/media\/20728"}],"wp:attachment":[{"href":"https:\/\/www.dermerklinger.de\/en\/wp-json\/wp\/v2\/media?parent=20618"}],"wp:term":[{"taxonomy":"product_brand","embeddable":true,"href":"https:\/\/www.dermerklinger.de\/en\/wp-json\/wp\/v2\/product_brand?post=20618"},{"taxonomy":"product_cat","embeddable":true,"href":"https:\/\/www.dermerklinger.de\/en\/wp-json\/wp\/v2\/product_cat?post=20618"},{"taxonomy":"product_tag","embeddable":true,"href":"https:\/\/www.dermerklinger.de\/en\/wp-json\/wp\/v2\/product_tag?post=20618"}],"curies":[{"name":"wp","href":"https:\/\/api.w.org\/{rel}","templated":true}]}}