{"id":2035,"date":"2020-09-15T17:34:18","date_gmt":"2020-09-15T15:34:18","guid":{"rendered":"https:\/\/bxeinj.myraidbox.de\/?post_type=product&#038;p=2035"},"modified":"2025-12-23T09:41:13","modified_gmt":"2025-12-23T08:41:13","slug":"merklinger-baking-set","status":"publish","type":"product","link":"https:\/\/www.dermerklinger.de\/en\/produkt\/merklinger-backset\/","title":{"rendered":"Merklinger baking set"},"content":{"rendered":"<p>With our 8-piece Merklinger baking set, you have everything you need for baking. In this set you will find:<\/p>\n<ul>\n<li class=\"normal mgb0 animate f18 animated fadeInDown\" data-css-animate=\"animated fadeInDown\">1x stoking and cleaning set<\/li>\n<li>1x pizza peel \u00d8 30 cm<\/li>\n<li>1x bread pusher \u00d8 20 cm<\/li>\n<li>1x pair of heat gloves<\/li>\n<li>2x serving boards<\/li>\n<li>1x infrared thermometer<\/li>\n<li>1x proofing basket<\/li>\n<\/ul>","protected":false},"excerpt":{"rendered":"<p>Mit unserem 8-teiligen Merklinger Backset hast du alles, was du zum Backen brauchst. In diesem Set findest du: 1x Sch\u00fcr- und Reinigungsset 1x Pizzaschaufel \u00d8 30 cm 1x Brotschieber \u00d8 20 cm 1x Paar Hitze Handschuhe 2x Servierbretter 1x Infrarot-Thermometer 1x G\u00e4rkorb<\/p>","protected":false},"featured_media":23148,"template":"","meta":{"_acf_changed":false},"product_brand":[],"product_cat":[44,177],"product_tag":[],"class_list":{"0":"post-2035","1":"product","2":"type-product","3":"status-publish","4":"has-post-thumbnail","6":"product_cat-zubehoer","7":"product_cat-sets","8":"product_shipping_class-sperrige-artikel","10":"first","11":"instock","12":"taxable","13":"shipping-taxable","14":"purchasable","15":"product-type-simple"},"acf":[],"publishpress_future_action":{"enabled":false,"date":"2026-05-08 00:52:53","action":"change-status","newStatus":"draft","terms":[],"taxonomy":"product_cat","extraData":[]},"publishpress_future_workflow_manual_trigger":{"enabledWorkflows":[]},"_links":{"self":[{"href":"https:\/\/www.dermerklinger.de\/en\/wp-json\/wp\/v2\/product\/2035","targetHints":{"allow":["GET"]}}],"collection":[{"href":"https:\/\/www.dermerklinger.de\/en\/wp-json\/wp\/v2\/product"}],"about":[{"href":"https:\/\/www.dermerklinger.de\/en\/wp-json\/wp\/v2\/types\/product"}],"wp:featuredmedia":[{"embeddable":true,"href":"https:\/\/www.dermerklinger.de\/en\/wp-json\/wp\/v2\/media\/23148"}],"wp:attachment":[{"href":"https:\/\/www.dermerklinger.de\/en\/wp-json\/wp\/v2\/media?parent=2035"}],"wp:term":[{"taxonomy":"product_brand","embeddable":true,"href":"https:\/\/www.dermerklinger.de\/en\/wp-json\/wp\/v2\/product_brand?post=2035"},{"taxonomy":"product_cat","embeddable":true,"href":"https:\/\/www.dermerklinger.de\/en\/wp-json\/wp\/v2\/product_cat?post=2035"},{"taxonomy":"product_tag","embeddable":true,"href":"https:\/\/www.dermerklinger.de\/en\/wp-json\/wp\/v2\/product_tag?post=2035"}],"curies":[{"name":"wp","href":"https:\/\/api.w.org\/{rel}","templated":true}]}}