{"id":2028,"date":"2020-09-15T17:21:10","date_gmt":"2020-09-15T15:21:10","guid":{"rendered":"https:\/\/bxeinj.myraidbox.de\/?post_type=product&#038;p=2028"},"modified":"2025-12-23T09:41:14","modified_gmt":"2025-12-23T08:41:14","slug":"smoke-insert","status":"publish","type":"product","link":"https:\/\/www.dermerklinger.de\/en\/produkt\/raeuchereinsatz\/","title":{"rendered":"Smoking insert"},"content":{"rendered":"<p>If you want to smoke more. The Merklinger smoker insert offers space for 20 trout or pieces of meat. It is easy to insert in the upper interior of the oven.<\/p>\n<p><strong>Material:<\/strong>Stainless steel<\/p>\n<p><strong>Dimensions:<\/strong>approx. 36 x 35 x 6 cm (length x width x height)<\/p>\n<p><strong>ACHTUNG! <\/strong>Nicht kompatibel mit dem Merklinger 600!<\/p>","protected":false},"excerpt":{"rendered":"<p>Wenn man mal mehr r\u00e4uchern will. Der Merklinger R\u00e4uchereinsatz bietet Platz f\u00fcr 20 Forellen oder Fleischst\u00fccke. Er ist einfach im oberen Innenraum des Ofens einzusetzen. Material: Edelstahl Ma\u00dfe: ca. 36 x 35 x 6 cm (L\u00e4nge x Breite x H\u00f6he) ACHTUNG! Nicht kompatibel mit dem Merklinger 600!<\/p>","protected":false},"featured_media":2076,"template":"","meta":{"_acf_changed":false},"product_brand":[],"product_cat":[44],"product_tag":[],"class_list":{"0":"post-2028","1":"product","2":"type-product","3":"status-publish","4":"has-post-thumbnail","6":"product_cat-zubehoer","7":"product_shipping_class-kleinartikel-versand","9":"first","10":"instock","11":"taxable","12":"shipping-taxable","13":"purchasable","14":"product-type-simple"},"acf":[],"publishpress_future_action":{"enabled":false,"date":"2026-05-08 03:47:12","action":"change-status","newStatus":"draft","terms":[],"taxonomy":"product_cat","extraData":[]},"publishpress_future_workflow_manual_trigger":{"enabledWorkflows":[]},"_links":{"self":[{"href":"https:\/\/www.dermerklinger.de\/en\/wp-json\/wp\/v2\/product\/2028","targetHints":{"allow":["GET"]}}],"collection":[{"href":"https:\/\/www.dermerklinger.de\/en\/wp-json\/wp\/v2\/product"}],"about":[{"href":"https:\/\/www.dermerklinger.de\/en\/wp-json\/wp\/v2\/types\/product"}],"wp:featuredmedia":[{"embeddable":true,"href":"https:\/\/www.dermerklinger.de\/en\/wp-json\/wp\/v2\/media\/2076"}],"wp:attachment":[{"href":"https:\/\/www.dermerklinger.de\/en\/wp-json\/wp\/v2\/media?parent=2028"}],"wp:term":[{"taxonomy":"product_brand","embeddable":true,"href":"https:\/\/www.dermerklinger.de\/en\/wp-json\/wp\/v2\/product_brand?post=2028"},{"taxonomy":"product_cat","embeddable":true,"href":"https:\/\/www.dermerklinger.de\/en\/wp-json\/wp\/v2\/product_cat?post=2028"},{"taxonomy":"product_tag","embeddable":true,"href":"https:\/\/www.dermerklinger.de\/en\/wp-json\/wp\/v2\/product_tag?post=2028"}],"curies":[{"name":"wp","href":"https:\/\/api.w.org\/{rel}","templated":true}]}}