{"id":1969,"date":"2020-09-14T13:32:02","date_gmt":"2020-09-14T11:32:02","guid":{"rendered":"https:\/\/bxeinj.myraidbox.de\/?post_type=product&#038;p=1969"},"modified":"2025-12-23T09:41:14","modified_gmt":"2025-12-23T08:41:14","slug":"infrared-thermometer","status":"publish","type":"product","link":"https:\/\/www.dermerklinger.de\/en\/produkt\/infrarot-thermometer\/","title":{"rendered":"Infrared thermometer"},"content":{"rendered":"<p>The baker's favorite for non-contact measurement of the surface temperature of baking and cooking surfaces. Measures temperatures from -50\u00b0C to 550\u00b0C. Equipped with alarm function and a color LCD display with backlight. D:S = 12:1. 2x AAA batteries are included.<\/p>\n<p><strong>Dimensions:<\/strong>approx. 9 x 4 x 14 cm (length x width x height)<\/p>","protected":false},"excerpt":{"rendered":"<p>Der Liebling der B\u00e4cker zur ber\u00fchrungslosen Messung der Oberfl\u00e4chentemperatur der Back- und Kochfl\u00e4che. Erfasst Temperaturen von -50\u00b0C bis 550\u00b0C. Ausgestattet mit Alarmfunktion und einem farbigen LCD-Display mit Hintergrundbeleuchtung. D:S = 12:1. 2x AAA-Batterien sind im Lieferumfang enthalten. Ma\u00dfe: ca. 9 x 4 x 14 cm (L\u00e4nge x Breite x H\u00f6he)<\/p>","protected":false},"featured_media":2068,"template":"","meta":{"_acf_changed":false},"product_brand":[],"product_cat":[44],"product_tag":[],"class_list":{"0":"post-1969","1":"product","2":"type-product","3":"status-publish","4":"has-post-thumbnail","6":"product_cat-zubehoer","7":"product_shipping_class-kleinartikel-versand","9":"first","10":"instock","11":"taxable","12":"shipping-taxable","13":"purchasable","14":"product-type-simple"},"acf":[],"publishpress_future_action":{"enabled":false,"date":"2026-05-08 05:18:21","action":"change-status","newStatus":"draft","terms":[],"taxonomy":"product_cat","extraData":[]},"publishpress_future_workflow_manual_trigger":{"enabledWorkflows":[]},"_links":{"self":[{"href":"https:\/\/www.dermerklinger.de\/en\/wp-json\/wp\/v2\/product\/1969","targetHints":{"allow":["GET"]}}],"collection":[{"href":"https:\/\/www.dermerklinger.de\/en\/wp-json\/wp\/v2\/product"}],"about":[{"href":"https:\/\/www.dermerklinger.de\/en\/wp-json\/wp\/v2\/types\/product"}],"wp:featuredmedia":[{"embeddable":true,"href":"https:\/\/www.dermerklinger.de\/en\/wp-json\/wp\/v2\/media\/2068"}],"wp:attachment":[{"href":"https:\/\/www.dermerklinger.de\/en\/wp-json\/wp\/v2\/media?parent=1969"}],"wp:term":[{"taxonomy":"product_brand","embeddable":true,"href":"https:\/\/www.dermerklinger.de\/en\/wp-json\/wp\/v2\/product_brand?post=1969"},{"taxonomy":"product_cat","embeddable":true,"href":"https:\/\/www.dermerklinger.de\/en\/wp-json\/wp\/v2\/product_cat?post=1969"},{"taxonomy":"product_tag","embeddable":true,"href":"https:\/\/www.dermerklinger.de\/en\/wp-json\/wp\/v2\/product_tag?post=1969"}],"curies":[{"name":"wp","href":"https:\/\/api.w.org\/{rel}","templated":true}]}}