{"id":1945,"date":"2020-08-13T14:34:58","date_gmt":"2020-08-13T12:34:58","guid":{"rendered":"https:\/\/bxeinj.myraidbox.de\/?post_type=product&#038;p=1945"},"modified":"2025-12-23T09:41:15","modified_gmt":"2025-12-23T08:41:15","slug":"small-pizza-shovel-bread-pusher","status":"publish","type":"product","link":"https:\/\/www.dermerklinger.de\/en\/produkt\/kleine-pizzaschaufel-brotschieber\/","title":{"rendered":"Bread peel"},"content":{"rendered":"<div class=\"ProductItem-details-excerpt\" data-content-field=\"excerpt\">\n<p>Handy stainless steel bread pusher with wooden handle. Extra flat and ideal for shoveling bread and smaller pizzas. With a handle length of 50 cm, you can bake comfortably.<\/p>\n<p class=\"\"><strong>Material: <\/strong>Stainless steel, oak wood<\/p>\n<p><strong>Dimensions: <\/strong>50 cm handle length, diameter 20 cm<\/p>\n<\/div>","protected":false},"excerpt":{"rendered":"<p>Handlicher Edelstahl Brotschieber mit Holzgriff. Extra flach und ideal zum Einschie\u00dfen von Brot und kleineren Pizzen. Mit einer Stiell\u00e4nge von 50 cm kannst du komfortabel Backen. Material: Edelstahl, Eichenholz Ma\u00dfe: 50 cm Stiell\u00e4nge, Durchmesser 20 cm<\/p>","protected":false},"featured_media":23144,"template":"","meta":{"_acf_changed":false},"product_brand":[],"product_cat":[44],"product_tag":[],"class_list":{"0":"post-1945","1":"product","2":"type-product","3":"status-publish","4":"has-post-thumbnail","6":"product_cat-zubehoer","7":"product_shipping_class-kleinartikel-versand","9":"first","10":"instock","11":"taxable","12":"shipping-taxable","13":"purchasable","14":"product-type-simple"},"acf":[],"publishpress_future_action":{"enabled":false,"date":"2026-05-09 07:14:21","action":"change-status","newStatus":"draft","terms":[],"taxonomy":"product_cat","extraData":[]},"publishpress_future_workflow_manual_trigger":{"enabledWorkflows":[]},"_links":{"self":[{"href":"https:\/\/www.dermerklinger.de\/en\/wp-json\/wp\/v2\/product\/1945","targetHints":{"allow":["GET"]}}],"collection":[{"href":"https:\/\/www.dermerklinger.de\/en\/wp-json\/wp\/v2\/product"}],"about":[{"href":"https:\/\/www.dermerklinger.de\/en\/wp-json\/wp\/v2\/types\/product"}],"wp:featuredmedia":[{"embeddable":true,"href":"https:\/\/www.dermerklinger.de\/en\/wp-json\/wp\/v2\/media\/23144"}],"wp:attachment":[{"href":"https:\/\/www.dermerklinger.de\/en\/wp-json\/wp\/v2\/media?parent=1945"}],"wp:term":[{"taxonomy":"product_brand","embeddable":true,"href":"https:\/\/www.dermerklinger.de\/en\/wp-json\/wp\/v2\/product_brand?post=1945"},{"taxonomy":"product_cat","embeddable":true,"href":"https:\/\/www.dermerklinger.de\/en\/wp-json\/wp\/v2\/product_cat?post=1945"},{"taxonomy":"product_tag","embeddable":true,"href":"https:\/\/www.dermerklinger.de\/en\/wp-json\/wp\/v2\/product_tag?post=1945"}],"curies":[{"name":"wp","href":"https:\/\/api.w.org\/{rel}","templated":true}]}}