{"id":19271,"date":"2021-11-25T13:40:52","date_gmt":"2021-11-25T12:40:52","guid":{"rendered":"https:\/\/www.dermerklinger.de\/?post_type=product&#038;p=19271"},"modified":"2025-12-23T09:48:09","modified_gmt":"2025-12-23T08:48:09","slug":"cover-hood","status":"publish","type":"product","link":"https:\/\/www.dermerklinger.de\/en\/produkt\/abdeckhaube\/","title":{"rendered":"Merklinger Cover"},"content":{"rendered":"<p>The robust Merklinger cover is here! Regionally manufactured to the highest quality. It is easy to pull over the Merklinger and is tear-resistant, UV-resistant and waterproof. The water-repellent PU coating with antifungal treatment (i.e. protection against moss or mold) is ideal for permanent outdoor use and is used for awnings and tents, for example. Thanks to the magnetic fastener, the cover sits firmly on your Merklinger and will not be blown into the neighboring garden.<\/p>\n<p>&nbsp;<\/p>\n<p><strong>Material:<\/strong>Polyester with polymer PU coating<\/p>\n<p><strong>Dimensions for 600 series:<\/strong>80 x 76 x 78 cm (height x width x depth)<\/p>\n<p><strong>Dimensions for 800 series:<\/strong>82 x 104 x 80 cm (height x width x depth)<\/p>","protected":false},"excerpt":{"rendered":"<p>Die robuste Merklinger Abdeckhaube ist da! Regional gefertigt in h\u00f6chster Qualit\u00e4t. Sie ist einfach \u00fcber den Merklinger zu ziehen und dabei rei\u00dffest, UV-best\u00e4ndig sowie wasserdicht. Die wasserabweisende PU-Beschichtung mit antimykotischer Behandlung (d.h. Schutz vor Moos oder Schimmel) ist ideal f\u00fcr dauerhafte Au\u00dfenanwendungen und wird beispielsweise bei Markisen und Zelten eingesetzt. Dank des Magnetverschlusses sitzt die [&hellip;]<\/p>\n","protected":false},"featured_media":19282,"template":"","meta":{"_acf_changed":false},"product_brand":[],"product_cat":[44],"product_tag":[],"class_list":{"0":"post-19271","1":"product","2":"type-product","3":"status-publish","4":"has-post-thumbnail","6":"product_cat-zubehoer","7":"product_shipping_class-kleinartikel-versand","9":"first","10":"instock","11":"taxable","12":"shipping-taxable","13":"purchasable","14":"product-type-variable"},"acf":[],"publishpress_future_action":{"enabled":false,"date":"2026-05-08 02:20:12","action":"change-status","newStatus":"draft","terms":[],"taxonomy":"product_cat","extraData":[]},"publishpress_future_workflow_manual_trigger":{"enabledWorkflows":[]},"_links":{"self":[{"href":"https:\/\/www.dermerklinger.de\/en\/wp-json\/wp\/v2\/product\/19271","targetHints":{"allow":["GET"]}}],"collection":[{"href":"https:\/\/www.dermerklinger.de\/en\/wp-json\/wp\/v2\/product"}],"about":[{"href":"https:\/\/www.dermerklinger.de\/en\/wp-json\/wp\/v2\/types\/product"}],"wp:featuredmedia":[{"embeddable":true,"href":"https:\/\/www.dermerklinger.de\/en\/wp-json\/wp\/v2\/media\/19282"}],"wp:attachment":[{"href":"https:\/\/www.dermerklinger.de\/en\/wp-json\/wp\/v2\/media?parent=19271"}],"wp:term":[{"taxonomy":"product_brand","embeddable":true,"href":"https:\/\/www.dermerklinger.de\/en\/wp-json\/wp\/v2\/product_brand?post=19271"},{"taxonomy":"product_cat","embeddable":true,"href":"https:\/\/www.dermerklinger.de\/en\/wp-json\/wp\/v2\/product_cat?post=19271"},{"taxonomy":"product_tag","embeddable":true,"href":"https:\/\/www.dermerklinger.de\/en\/wp-json\/wp\/v2\/product_tag?post=19271"}],"curies":[{"name":"wp","href":"https:\/\/api.w.org\/{rel}","templated":true}]}}