{"id":12822,"date":"2021-01-19T15:14:10","date_gmt":"2021-01-19T14:14:10","guid":{"rendered":"https:\/\/www.dermerklinger.de\/?post_type=product&#038;p=12822"},"modified":"2025-12-23T09:41:12","modified_gmt":"2025-12-23T08:41:12","slug":"fire-plate-1200","status":"publish","type":"product","link":"https:\/\/www.dermerklinger.de\/en\/produkt\/feuerplatte-1200\/","title":{"rendered":"Fire plate 1200"},"content":{"rendered":"<p>The fire plate for professionals on the 1200. Ideal for searing meat, grilling vegetables or delicious bacon with a fried egg for breakfast. The special coating allows you to work with normal spatulas and our barbecue tongs and offers a non-stick effect. Very easy and quick to clean. Please note:  Only suitable for the Merklinger 1200. Do not cut on the griddle.<\/p>\n<p><strong>Material:<\/strong>Coated 8 mm thick steel, stainless steel feet<\/p>\n<p><strong>Dimensions:<\/strong>approx. 69 x 37 x 5 cm (length x width x height)<\/p>","protected":false},"excerpt":{"rendered":"<p>Die Feuerplatte f\u00fcr die Profis am 1200er. Ideal f\u00fcrs Anbraten von Fleisch, Grillgem\u00fcse oder leckerer Speck mit Spiegelei zum Fr\u00fchst\u00fcck. Die besondere Beschichtung erlaubt dir mit normalen Spachteln und unserer Grillzange zu arbeiten und bietet ein Antihaft-Wirkung. Sehr leicht und schnell zu Reinigen. Bitte beachten:\u00a0 Nur f\u00fcr den Merklinger 1200 geeignet. Nicht auf der Feuerplatte [&hellip;]<\/p>\n","protected":false},"featured_media":12830,"template":"","meta":{"_acf_changed":false},"product_brand":[],"product_cat":[44],"product_tag":[],"class_list":{"0":"post-12822","1":"product","2":"type-product","3":"status-publish","4":"has-post-thumbnail","6":"product_cat-zubehoer","7":"product_shipping_class-sperrige-artikel","9":"first","10":"instock","11":"taxable","12":"shipping-taxable","13":"purchasable","14":"product-type-simple"},"acf":[],"publishpress_future_action":{"enabled":false,"date":"2026-05-08 02:19:45","action":"change-status","newStatus":"draft","terms":[],"taxonomy":"product_cat","extraData":[]},"publishpress_future_workflow_manual_trigger":{"enabledWorkflows":[]},"_links":{"self":[{"href":"https:\/\/www.dermerklinger.de\/en\/wp-json\/wp\/v2\/product\/12822","targetHints":{"allow":["GET"]}}],"collection":[{"href":"https:\/\/www.dermerklinger.de\/en\/wp-json\/wp\/v2\/product"}],"about":[{"href":"https:\/\/www.dermerklinger.de\/en\/wp-json\/wp\/v2\/types\/product"}],"wp:featuredmedia":[{"embeddable":true,"href":"https:\/\/www.dermerklinger.de\/en\/wp-json\/wp\/v2\/media\/12830"}],"wp:attachment":[{"href":"https:\/\/www.dermerklinger.de\/en\/wp-json\/wp\/v2\/media?parent=12822"}],"wp:term":[{"taxonomy":"product_brand","embeddable":true,"href":"https:\/\/www.dermerklinger.de\/en\/wp-json\/wp\/v2\/product_brand?post=12822"},{"taxonomy":"product_cat","embeddable":true,"href":"https:\/\/www.dermerklinger.de\/en\/wp-json\/wp\/v2\/product_cat?post=12822"},{"taxonomy":"product_tag","embeddable":true,"href":"https:\/\/www.dermerklinger.de\/en\/wp-json\/wp\/v2\/product_tag?post=12822"}],"curies":[{"name":"wp","href":"https:\/\/api.w.org\/{rel}","templated":true}]}}